{"id":19530,"date":"2020-10-31T19:05:04","date_gmt":"2020-10-31T22:05:04","guid":{"rendered":"https:\/\/gocarnavalrio.com\/?post_type=product&#038;p=19530"},"modified":"2025-06-11T18:22:28","modified_gmt":"2025-06-11T21:22:28","slug":"tour-petropolis-imperial","status":"publish","type":"product","link":"https:\/\/gocarnavalrio.com\/pt\/produto\/tour-petropolis-imperial\/","title":{"rendered":"Tour Petropolis Imperial"},"content":{"rendered":"","protected":false},"excerpt":{"rendered":"\n<div data-elementor-type=\"page\" data-elementor-id=\"19497\" class=\"elementor elementor-19497\" data-elementor-post-type=\"elementor_library\">\n<section data-particle_enable=\"false\" data-particle-mobile-disabled=\"false\" class=\"elementor-section elementor-top-section elementor-element elementor-element-e740622 elementor-section-boxed elementor-section-height-default elementor-section-height-default\" data-id=\"e740622\" data-element_type=\"section\" data-e-type=\"section\" data-settings=\"{&quot;jet_parallax_layout_list&quot;:[{&quot;jet_parallax_layout_image&quot;:{&quot;url&quot;:&quot;&quot;,&quot;id&quot;:&quot;&quot;,&quot;size&quot;:&quot;&quot;},&quot;_id&quot;:&quot;7c817c1&quot;,&quot;jet_parallax_layout_speed&quot;:{&quot;unit&quot;:&quot;%&quot;,&quot;size&quot;:50,&quot;sizes&quot;:[]},&quot;jet_parallax_layout_image_tablet&quot;:{&quot;url&quot;:&quot;&quot;,&quot;id&quot;:&quot;&quot;,&quot;size&quot;:&quot;&quot;},&quot;jet_parallax_layout_image_mobile&quot;:{&quot;url&quot;:&quot;&quot;,&quot;id&quot;:&quot;&quot;,&quot;size&quot;:&quot;&quot;},&quot;jet_parallax_layout_type&quot;:&quot;scroll&quot;,&quot;jet_parallax_layout_direction&quot;:&quot;1&quot;,&quot;jet_parallax_layout_fx_direction&quot;:null,&quot;jet_parallax_layout_z_index&quot;:&quot;&quot;,&quot;jet_parallax_layout_bg_x&quot;:50,&quot;jet_parallax_layout_bg_x_tablet&quot;:&quot;&quot;,&quot;jet_parallax_layout_bg_x_mobile&quot;:&quot;&quot;,&quot;jet_parallax_layout_bg_y&quot;:50,&quot;jet_parallax_layout_bg_y_tablet&quot;:&quot;&quot;,&quot;jet_parallax_layout_bg_y_mobile&quot;:&quot;&quot;,&quot;jet_parallax_layout_bg_size&quot;:&quot;auto&quot;,&quot;jet_parallax_layout_bg_size_tablet&quot;:&quot;&quot;,&quot;jet_parallax_layout_bg_size_mobile&quot;:&quot;&quot;,&quot;jet_parallax_layout_animation_prop&quot;:&quot;transform&quot;,&quot;jet_parallax_layout_on&quot;:[&quot;desktop&quot;,&quot;tablet&quot;]}]}\">\n<div class=\"elementor-container elementor-column-gap-default\">\n<div class=\"elementor-column elementor-col-100 elementor-top-column elementor-element elementor-element-0e06e31\" data-id=\"0e06e31\" data-element_type=\"column\" data-e-type=\"column\">\n<div class=\"elementor-widget-wrap elementor-element-populated\">\n<div class=\"elementor-element elementor-element-fd7c442 elementor-widget elementor-widget-spacer\" data-id=\"fd7c442\" data-element_type=\"widget\" data-e-type=\"widget\" data-widget_type=\"spacer.default\">\n<div class=\"elementor-widget-container\">\n<div class=\"elementor-spacer\">\n<div class=\"elementor-spacer-inner\"><\/div>\n<\/p><\/div>\n<\/p><\/div>\n<\/p><\/div>\n<div class=\"elementor-element elementor-element-2c18a1b elementor-widget elementor-widget-heading\" data-id=\"2c18a1b\" data-element_type=\"widget\" data-e-type=\"widget\" data-widget_type=\"heading.default\">\n<div class=\"elementor-widget-container\">\n<h4 class=\"elementor-heading-title elementor-size-default\">Tour Petr\u00f3polis Imperial<\/h4>\n<\/p><\/div>\n<\/p><\/div>\n<\/p><\/div>\n<\/p><\/div>\n<\/p><\/div>\n<\/section>\n<section data-particle_enable=\"false\" data-particle-mobile-disabled=\"false\" class=\"elementor-section elementor-top-section elementor-element elementor-element-c4935ac elementor-section-boxed elementor-section-height-default elementor-section-height-default\" data-id=\"c4935ac\" data-element_type=\"section\" data-e-type=\"section\" data-settings=\"{&quot;jet_parallax_layout_list&quot;:[{&quot;jet_parallax_layout_image&quot;:{&quot;url&quot;:&quot;&quot;,&quot;id&quot;:&quot;&quot;,&quot;size&quot;:&quot;&quot;},&quot;_id&quot;:&quot;606efa8&quot;,&quot;jet_parallax_layout_image_tablet&quot;:{&quot;url&quot;:&quot;&quot;,&quot;id&quot;:&quot;&quot;,&quot;size&quot;:&quot;&quot;},&quot;jet_parallax_layout_image_mobile&quot;:{&quot;url&quot;:&quot;&quot;,&quot;id&quot;:&quot;&quot;,&quot;size&quot;:&quot;&quot;},&quot;jet_parallax_layout_speed&quot;:{&quot;unit&quot;:&quot;%&quot;,&quot;size&quot;:50,&quot;sizes&quot;:[]},&quot;jet_parallax_layout_type&quot;:&quot;scroll&quot;,&quot;jet_parallax_layout_direction&quot;:&quot;1&quot;,&quot;jet_parallax_layout_fx_direction&quot;:null,&quot;jet_parallax_layout_z_index&quot;:&quot;&quot;,&quot;jet_parallax_layout_bg_x&quot;:50,&quot;jet_parallax_layout_bg_x_tablet&quot;:&quot;&quot;,&quot;jet_parallax_layout_bg_x_mobile&quot;:&quot;&quot;,&quot;jet_parallax_layout_bg_y&quot;:50,&quot;jet_parallax_layout_bg_y_tablet&quot;:&quot;&quot;,&quot;jet_parallax_layout_bg_y_mobile&quot;:&quot;&quot;,&quot;jet_parallax_layout_bg_size&quot;:&quot;auto&quot;,&quot;jet_parallax_layout_bg_size_tablet&quot;:&quot;&quot;,&quot;jet_parallax_layout_bg_size_mobile&quot;:&quot;&quot;,&quot;jet_parallax_layout_animation_prop&quot;:&quot;transform&quot;,&quot;jet_parallax_layout_on&quot;:[&quot;desktop&quot;,&quot;tablet&quot;]}]}\">\n<div class=\"elementor-container elementor-column-gap-default\">\n<div class=\"elementor-column elementor-col-100 elementor-top-column elementor-element elementor-element-f4002ea\" data-id=\"f4002ea\" data-element_type=\"column\" data-e-type=\"column\">\n<div class=\"elementor-widget-wrap elementor-element-populated\">\n<div class=\"elementor-element elementor-element-1679f0e elementor-widget elementor-widget-text-editor\" data-id=\"1679f0e\" data-element_type=\"widget\" data-e-type=\"widget\" data-widget_type=\"text-editor.default\">\n<div class=\"elementor-widget-container\">\n<p><span style=\"text-decoration: underline; color: #000000;\"><strong>VALOR ADULTOS:\u00a0 R$230.<\/strong><\/span><\/p>\n<p><span style=\"font-weight: 400; color: #000000;\">Localizada na regi\u00e3o serrana, Petr\u00f3polis est\u00e1 a 70 km do do Rio de Janeiro. Fundada por Dom Pedro II a \u201cCidade Imperial\u201d, e uma oportunidade unica de visitar lugares importantes da historia\u00a0 do Brasil imperial.\u00a0<\/span><\/p>\n<ul>\n<li style=\"font-weight: 400;\"><span style=\"font-weight: 400; color: #000000;\">Sa\u00eddas \u00e0s Ter\u00e7as, Quintas e S\u00e1bados.<\/span><\/li>\n<li style=\"font-weight: 400;\"><span style=\"font-weight: 400; color: #000000;\">Transporte com ar condicionado.<\/span><\/li>\n<li style=\"font-weight: 400;\"><span style=\"font-weight: 400; color: #000000;\">Guia credenciado bil\u00edngue.<\/span><\/li>\n<li style=\"font-weight: 400;\"><span style=\"font-weight: 400; color: #000000;\">Saida as 08:30hs.<\/span><\/li>\n<li style=\"font-weight: 400;\"><span style=\"font-weight: 400; color: #000000;\">Chegada em Petr\u00f3polis 10:30hs.<\/span><\/li>\n<li style=\"font-weight: 400;\"><span style=\"font-weight: 400; color: #000000;\">Pal\u00e1cio Quitandinha.<\/span><\/li>\n<li style=\"font-weight: 400;\"><span style=\"font-weight: 400; color: #000000;\">Loja de Chocolate.<\/span><\/li>\n<li style=\"font-weight: 400;\"><span style=\"font-weight: 400; color: #000000;\">Museu Imperial.<\/span><\/li>\n<li style=\"font-weight: 400;\"><span style=\"font-weight: 400; color: #000000;\">Cat. S. P. Alc\u00e2ntara<\/span><\/li>\n<li style=\"font-weight: 400;\"><span style=\"font-weight: 400; color: #000000;\">Pal\u00e1cio de Cristal<\/span><\/li>\n<li style=\"font-weight: 400;\"><span style=\"font-weight: 400; color: #000000;\">Almo\u00e7o (n\u00e3o incluso).<\/span><\/li>\n<li style=\"font-weight: 400;\"><span style=\"font-weight: 400; color: #000000;\">Casa de S. Dumont (opcional).<\/span><\/li>\n<li style=\"font-weight: 400;\"><span style=\"font-weight: 400; color: #000000;\">Rel\u00f3gio das Flores.<\/span><\/li>\n<li style=\"font-weight: 400;\"><span style=\"font-weight: 400; color: #000000;\">Rua Teresa<\/span><\/li>\n<li style=\"font-weight: 400;\"><span style=\"font-weight: 400; color: #000000;\">T\u00e9rmino do Passeio 17:30hs.<\/span><\/li>\n<li style=\"font-weight: 400;\"><span style=\"font-weight: 400; color: #000000;\">Chegada ao Rio 20:00hs.<\/span><\/li>\n<\/ul>\n<p style=\"text-align: center;\"><strong><span style=\"text-decoration: underline; color: #000000;\">PARA RESERVAR TEM QUE PAGAR R$50 PELO SITE POR PESSOA. O RESTANTE DO VALOR E PAGO NO EMBARQUE AO GUIA EM CASH, OU NO CARTAO DE CREDITO TEM UM ACRESCIMO DE 5%. <\/span><\/strong><\/p>\n<p style=\"text-align: center;\"><strong><span style=\"text-decoration: underline; color: #000000;\">ANTES DE RESERVAR CONFIRA DISPONIBILIDADE E HORARIO DE EMBARQUE NO CHAT DE ATENDIMENTO OU EM NOSSO WHATSAPP (5521) 982708702<\/span><\/strong><\/p>\n<\/p><\/div>\n<\/p><\/div>\n<\/p><\/div>\n<\/p><\/div>\n<\/p><\/div>\n<\/section><\/div>\n","protected":false},"featured_media":0,"template":"","meta":{"site-sidebar-layout":"no-sidebar","site-content-layout":"page-builder","ast-site-content-layout":"full-width-container","site-content-style":"unboxed","site-sidebar-style":"unboxed","ast-global-header-display":"","ast-banner-title-visibility":"","ast-main-header-display":"","ast-hfb-above-header-display":"","ast-hfb-below-header-display":"","ast-hfb-mobile-header-display":"","site-post-title":"disabled","ast-breadcrumbs-content":"","ast-featured-img":"disabled","footer-sml-layout":"","ast-disable-related-posts":"","theme-transparent-header-meta":"default","adv-header-id-meta":"","stick-header-meta":"default","header-above-stick-meta":"","header-main-stick-meta":"","header-below-stick-meta":"","astra-migrate-meta-layouts":"set","ast-page-background-enabled":"default","ast-page-background-meta":{"desktop":{"background-color":"","background-image":"","background-repeat":"repeat","background-position":"center center","background-size":"auto","background-attachment":"scroll","background-type":"","background-media":"","overlay-type":"","overlay-color":"","overlay-opacity":"","overlay-gradient":""},"tablet":{"background-color":"","background-image":"","background-repeat":"repeat","background-position":"center center","background-size":"auto","background-attachment":"scroll","background-type":"","background-media":"","overlay-type":"","overlay-color":"","overlay-opacity":"","overlay-gradient":""},"mobile":{"background-color":"","background-image":"","background-repeat":"repeat","background-position":"center center","background-size":"auto","background-attachment":"scroll","background-type":"","background-media":"","overlay-type":"","overlay-color":"","overlay-opacity":"","overlay-gradient":""}},"ast-content-background-meta":{"desktop":{"background-color":"var(--ast-global-color-5)","background-image":"","background-repeat":"repeat","background-position":"center center","background-size":"auto","background-attachment":"scroll","background-type":"","background-media":"","overlay-type":"","overlay-color":"","overlay-opacity":"","overlay-gradient":""},"tablet":{"background-color":"var(--ast-global-color-5)","background-image":"","background-repeat":"repeat","background-position":"center center","background-size":"auto","background-attachment":"scroll","background-type":"","background-media":"","overlay-type":"","overlay-color":"","overlay-opacity":"","overlay-gradient":""},"mobile":{"background-color":"var(--ast-global-color-5)","background-image":"","background-repeat":"repeat","background-position":"center center","background-size":"auto","background-attachment":"scroll","background-type":"","background-media":"","overlay-type":"","overlay-color":"","overlay-opacity":"","overlay-gradient":""}}},"product_brand":[],"product_cat":[358],"product_tag":[],"class_list":{"0":"post-19530","1":"product","2":"type-product","3":"status-publish","5":"product_cat-tours","6":"tm-has-options","7":"desktop-align-left","8":"tablet-align-left","9":"mobile-align-left","11":"first","12":"instock","13":"virtual","14":"purchasable","15":"product-type-simple"},"yoast_head":"<!-- This site is optimized with the Yoast SEO Premium plugin v24.0 (Yoast SEO v27.4) - https:\/\/yoast.com\/product\/yoast-seo-premium-wordpress\/ -->\n<title>Tour Petropolis Imperial - Go Carnaval Rio<\/title>\n<meta name=\"robots\" content=\"index, follow, max-snippet:-1, max-image-preview:large, max-video-preview:-1\" \/>\n<link rel=\"canonical\" href=\"https:\/\/gocarnavalrio.com\/pt\/produto\/tour-petropolis-imperial\/\" \/>\n<meta property=\"og:locale\" content=\"pt_BR\" \/>\n<meta property=\"og:type\" content=\"article\" \/>\n<meta property=\"og:title\" content=\"Tour Petropolis Imperial\" \/>\n<meta property=\"og:url\" content=\"https:\/\/gocarnavalrio.com\/pt\/produto\/tour-petropolis-imperial\/\" \/>\n<meta property=\"og:site_name\" content=\"Go Carnaval Rio\" \/>\n<meta property=\"article:modified_time\" content=\"2025-06-11T21:22:28+00:00\" \/>\n<meta name=\"twitter:card\" content=\"summary_large_image\" \/>\n<meta name=\"twitter:description\" content=\"[elementor-template id=&quot;19497&quot;]\" \/>\n<script type=\"application\/ld+json\" class=\"yoast-schema-graph\">{\"@context\":\"https:\\\/\\\/schema.org\",\"@graph\":[{\"@type\":\"WebPage\",\"@id\":\"https:\\\/\\\/gocarnavalrio.com\\\/pt\\\/produto\\\/tour-petropolis-imperial\\\/\",\"url\":\"https:\\\/\\\/gocarnavalrio.com\\\/pt\\\/produto\\\/tour-petropolis-imperial\\\/\",\"name\":\"Tour Petropolis Imperial - Go Carnaval Rio\",\"isPartOf\":{\"@id\":\"https:\\\/\\\/gocarnavalrio.com\\\/pt\\\/#website\"},\"datePublished\":\"2020-10-31T22:05:04+00:00\",\"dateModified\":\"2025-06-11T21:22:28+00:00\",\"breadcrumb\":{\"@id\":\"https:\\\/\\\/gocarnavalrio.com\\\/pt\\\/produto\\\/tour-petropolis-imperial\\\/#breadcrumb\"},\"inLanguage\":\"pt-BR\",\"potentialAction\":[{\"@type\":\"ReadAction\",\"target\":[\"https:\\\/\\\/gocarnavalrio.com\\\/pt\\\/produto\\\/tour-petropolis-imperial\\\/\"]}]},{\"@type\":\"BreadcrumbList\",\"@id\":\"https:\\\/\\\/gocarnavalrio.com\\\/pt\\\/produto\\\/tour-petropolis-imperial\\\/#breadcrumb\",\"itemListElement\":[{\"@type\":\"ListItem\",\"position\":1,\"name\":\"In\u00edcio\",\"item\":\"https:\\\/\\\/gocarnavalrio.com\\\/\"},{\"@type\":\"ListItem\",\"position\":2,\"name\":\"Loja\",\"item\":\"https:\\\/\\\/gocarnavalrio.com\\\/pt\\\/loja\\\/\"},{\"@type\":\"ListItem\",\"position\":3,\"name\":\"Tour Petropolis Imperial\"}]},{\"@type\":\"WebSite\",\"@id\":\"https:\\\/\\\/gocarnavalrio.com\\\/pt\\\/#website\",\"url\":\"https:\\\/\\\/gocarnavalrio.com\\\/pt\\\/\",\"name\":\"Go Carnaval Rio\",\"description\":\"\",\"publisher\":{\"@id\":\"https:\\\/\\\/gocarnavalrio.com\\\/pt\\\/#organization\"},\"potentialAction\":[{\"@type\":\"SearchAction\",\"target\":{\"@type\":\"EntryPoint\",\"urlTemplate\":\"https:\\\/\\\/gocarnavalrio.com\\\/pt\\\/?s={search_term_string}\"},\"query-input\":{\"@type\":\"PropertyValueSpecification\",\"valueRequired\":true,\"valueName\":\"search_term_string\"}}],\"inLanguage\":\"pt-BR\"},{\"@type\":\"Organization\",\"@id\":\"https:\\\/\\\/gocarnavalrio.com\\\/pt\\\/#organization\",\"name\":\"Go Carnaval Rio\",\"url\":\"https:\\\/\\\/gocarnavalrio.com\\\/pt\\\/\",\"logo\":{\"@type\":\"ImageObject\",\"inLanguage\":\"pt-BR\",\"@id\":\"https:\\\/\\\/gocarnavalrio.com\\\/pt\\\/#\\\/schema\\\/logo\\\/image\\\/\",\"url\":\"https:\\\/\\\/gocarnavalrio.com\\\/wp-content\\\/uploads\\\/2019\\\/06\\\/go_carnaval_Rio_Logo.png\",\"contentUrl\":\"https:\\\/\\\/gocarnavalrio.com\\\/wp-content\\\/uploads\\\/2019\\\/06\\\/go_carnaval_Rio_Logo.png\",\"width\":500,\"height\":264,\"caption\":\"Go Carnaval Rio\"},\"image\":{\"@id\":\"https:\\\/\\\/gocarnavalrio.com\\\/pt\\\/#\\\/schema\\\/logo\\\/image\\\/\"}}]}<\/script>\n<!-- \/ Yoast SEO Premium plugin. -->","yoast_head_json":{"title":"Tour Petropolis Imperial - Go Carnaval Rio","robots":{"index":"index","follow":"follow","max-snippet":"max-snippet:-1","max-image-preview":"max-image-preview:large","max-video-preview":"max-video-preview:-1"},"canonical":"https:\/\/gocarnavalrio.com\/pt\/produto\/tour-petropolis-imperial\/","og_locale":"pt_BR","og_type":"article","og_title":"Tour Petropolis Imperial","og_url":"https:\/\/gocarnavalrio.com\/pt\/produto\/tour-petropolis-imperial\/","og_site_name":"Go Carnaval Rio","article_modified_time":"2025-06-11T21:22:28+00:00","twitter_card":"summary_large_image","twitter_description":"[elementor-template id=\"19497\"]","schema":{"@context":"https:\/\/schema.org","@graph":[{"@type":"WebPage","@id":"https:\/\/gocarnavalrio.com\/pt\/produto\/tour-petropolis-imperial\/","url":"https:\/\/gocarnavalrio.com\/pt\/produto\/tour-petropolis-imperial\/","name":"Tour Petropolis Imperial - Go Carnaval Rio","isPartOf":{"@id":"https:\/\/gocarnavalrio.com\/pt\/#website"},"datePublished":"2020-10-31T22:05:04+00:00","dateModified":"2025-06-11T21:22:28+00:00","breadcrumb":{"@id":"https:\/\/gocarnavalrio.com\/pt\/produto\/tour-petropolis-imperial\/#breadcrumb"},"inLanguage":"pt-BR","potentialAction":[{"@type":"ReadAction","target":["https:\/\/gocarnavalrio.com\/pt\/produto\/tour-petropolis-imperial\/"]}]},{"@type":"BreadcrumbList","@id":"https:\/\/gocarnavalrio.com\/pt\/produto\/tour-petropolis-imperial\/#breadcrumb","itemListElement":[{"@type":"ListItem","position":1,"name":"In\u00edcio","item":"https:\/\/gocarnavalrio.com\/"},{"@type":"ListItem","position":2,"name":"Loja","item":"https:\/\/gocarnavalrio.com\/pt\/loja\/"},{"@type":"ListItem","position":3,"name":"Tour Petropolis Imperial"}]},{"@type":"WebSite","@id":"https:\/\/gocarnavalrio.com\/pt\/#website","url":"https:\/\/gocarnavalrio.com\/pt\/","name":"Go Carnaval Rio","description":"","publisher":{"@id":"https:\/\/gocarnavalrio.com\/pt\/#organization"},"potentialAction":[{"@type":"SearchAction","target":{"@type":"EntryPoint","urlTemplate":"https:\/\/gocarnavalrio.com\/pt\/?s={search_term_string}"},"query-input":{"@type":"PropertyValueSpecification","valueRequired":true,"valueName":"search_term_string"}}],"inLanguage":"pt-BR"},{"@type":"Organization","@id":"https:\/\/gocarnavalrio.com\/pt\/#organization","name":"Go Carnaval Rio","url":"https:\/\/gocarnavalrio.com\/pt\/","logo":{"@type":"ImageObject","inLanguage":"pt-BR","@id":"https:\/\/gocarnavalrio.com\/pt\/#\/schema\/logo\/image\/","url":"https:\/\/gocarnavalrio.com\/wp-content\/uploads\/2019\/06\/go_carnaval_Rio_Logo.png","contentUrl":"https:\/\/gocarnavalrio.com\/wp-content\/uploads\/2019\/06\/go_carnaval_Rio_Logo.png","width":500,"height":264,"caption":"Go Carnaval Rio"},"image":{"@id":"https:\/\/gocarnavalrio.com\/pt\/#\/schema\/logo\/image\/"}}]}},"_links":{"self":[{"href":"https:\/\/gocarnavalrio.com\/pt\/wp-json\/wp\/v2\/product\/19530","targetHints":{"allow":["GET"]}}],"collection":[{"href":"https:\/\/gocarnavalrio.com\/pt\/wp-json\/wp\/v2\/product"}],"about":[{"href":"https:\/\/gocarnavalrio.com\/pt\/wp-json\/wp\/v2\/types\/product"}],"version-history":[{"count":2,"href":"https:\/\/gocarnavalrio.com\/pt\/wp-json\/wp\/v2\/product\/19530\/revisions"}],"predecessor-version":[{"id":24454,"href":"https:\/\/gocarnavalrio.com\/pt\/wp-json\/wp\/v2\/product\/19530\/revisions\/24454"}],"wp:attachment":[{"href":"https:\/\/gocarnavalrio.com\/pt\/wp-json\/wp\/v2\/media?parent=19530"}],"wp:term":[{"taxonomy":"product_brand","embeddable":true,"href":"https:\/\/gocarnavalrio.com\/pt\/wp-json\/wp\/v2\/product_brand?post=19530"},{"taxonomy":"product_cat","embeddable":true,"href":"https:\/\/gocarnavalrio.com\/pt\/wp-json\/wp\/v2\/product_cat?post=19530"},{"taxonomy":"product_tag","embeddable":true,"href":"https:\/\/gocarnavalrio.com\/pt\/wp-json\/wp\/v2\/product_tag?post=19530"}],"curies":[{"name":"wp","href":"https:\/\/api.w.org\/{rel}","templated":true}]}}