{"id":19257,"date":"2020-09-29T11:59:35","date_gmt":"2020-09-29T14:59:35","guid":{"rendered":"https:\/\/gocarnavalrio.com\/?post_type=product&#038;p=19257"},"modified":"2022-12-07T16:41:07","modified_gmt":"2022-12-07T19:41:07","slug":"voo-asa-delta","status":"publish","type":"product","link":"https:\/\/gocarnavalrio.com\/pt\/produto\/voo-asa-delta\/","title":{"rendered":"V\u00f4o Asa Delta"},"content":{"rendered":"","protected":false},"excerpt":{"rendered":"\n<div data-elementor-type=\"page\" data-elementor-id=\"19252\" class=\"elementor elementor-19252\" data-elementor-post-type=\"elementor_library\">\n<section data-particle_enable=\"false\" data-particle-mobile-disabled=\"false\" class=\"elementor-section elementor-top-section elementor-element elementor-element-e740622 elementor-section-boxed elementor-section-height-default elementor-section-height-default\" data-id=\"e740622\" data-element_type=\"section\" data-e-type=\"section\" data-settings=\"{&quot;jet_parallax_layout_list&quot;:[{&quot;jet_parallax_layout_image&quot;:{&quot;url&quot;:&quot;&quot;,&quot;id&quot;:&quot;&quot;,&quot;size&quot;:&quot;&quot;},&quot;_id&quot;:&quot;7c817c1&quot;,&quot;jet_parallax_layout_speed&quot;:{&quot;unit&quot;:&quot;%&quot;,&quot;size&quot;:50,&quot;sizes&quot;:[]},&quot;jet_parallax_layout_image_tablet&quot;:{&quot;url&quot;:&quot;&quot;,&quot;id&quot;:&quot;&quot;,&quot;size&quot;:&quot;&quot;},&quot;jet_parallax_layout_image_mobile&quot;:{&quot;url&quot;:&quot;&quot;,&quot;id&quot;:&quot;&quot;,&quot;size&quot;:&quot;&quot;},&quot;jet_parallax_layout_type&quot;:&quot;scroll&quot;,&quot;jet_parallax_layout_direction&quot;:&quot;1&quot;,&quot;jet_parallax_layout_fx_direction&quot;:null,&quot;jet_parallax_layout_z_index&quot;:&quot;&quot;,&quot;jet_parallax_layout_bg_x&quot;:50,&quot;jet_parallax_layout_bg_x_tablet&quot;:&quot;&quot;,&quot;jet_parallax_layout_bg_x_mobile&quot;:&quot;&quot;,&quot;jet_parallax_layout_bg_y&quot;:50,&quot;jet_parallax_layout_bg_y_tablet&quot;:&quot;&quot;,&quot;jet_parallax_layout_bg_y_mobile&quot;:&quot;&quot;,&quot;jet_parallax_layout_bg_size&quot;:&quot;auto&quot;,&quot;jet_parallax_layout_bg_size_tablet&quot;:&quot;&quot;,&quot;jet_parallax_layout_bg_size_mobile&quot;:&quot;&quot;,&quot;jet_parallax_layout_animation_prop&quot;:&quot;transform&quot;,&quot;jet_parallax_layout_on&quot;:[&quot;desktop&quot;,&quot;tablet&quot;]}]}\">\n<div class=\"elementor-container elementor-column-gap-default\">\n<div class=\"elementor-column elementor-col-100 elementor-top-column elementor-element elementor-element-0e06e31\" data-id=\"0e06e31\" data-element_type=\"column\" data-e-type=\"column\">\n<div class=\"elementor-widget-wrap elementor-element-populated\">\n<div class=\"elementor-element elementor-element-2c18a1b elementor-widget elementor-widget-heading\" data-id=\"2c18a1b\" data-element_type=\"widget\" data-e-type=\"widget\" data-widget_type=\"heading.default\">\n<div class=\"elementor-widget-container\">\n<h4 class=\"elementor-heading-title elementor-size-default\">V\u00f4o Asa Delta<\/h4>\n<\/p><\/div>\n<\/p><\/div>\n<section data-particle_enable=\"false\" data-particle-mobile-disabled=\"false\" class=\"elementor-section elementor-inner-section elementor-element elementor-element-5290470 elementor-section-boxed elementor-section-height-default elementor-section-height-default\" data-id=\"5290470\" data-element_type=\"section\" data-e-type=\"section\" data-settings=\"{&quot;jet_parallax_layout_list&quot;:[{&quot;jet_parallax_layout_image&quot;:{&quot;url&quot;:&quot;&quot;,&quot;id&quot;:&quot;&quot;,&quot;size&quot;:&quot;&quot;},&quot;_id&quot;:&quot;a6bc194&quot;,&quot;jet_parallax_layout_speed&quot;:{&quot;unit&quot;:&quot;%&quot;,&quot;size&quot;:50,&quot;sizes&quot;:[]},&quot;jet_parallax_layout_image_tablet&quot;:{&quot;url&quot;:&quot;&quot;,&quot;id&quot;:&quot;&quot;,&quot;size&quot;:&quot;&quot;},&quot;jet_parallax_layout_image_mobile&quot;:{&quot;url&quot;:&quot;&quot;,&quot;id&quot;:&quot;&quot;,&quot;size&quot;:&quot;&quot;},&quot;jet_parallax_layout_type&quot;:&quot;scroll&quot;,&quot;jet_parallax_layout_direction&quot;:&quot;1&quot;,&quot;jet_parallax_layout_fx_direction&quot;:null,&quot;jet_parallax_layout_z_index&quot;:&quot;&quot;,&quot;jet_parallax_layout_bg_x&quot;:50,&quot;jet_parallax_layout_bg_x_tablet&quot;:&quot;&quot;,&quot;jet_parallax_layout_bg_x_mobile&quot;:&quot;&quot;,&quot;jet_parallax_layout_bg_y&quot;:50,&quot;jet_parallax_layout_bg_y_tablet&quot;:&quot;&quot;,&quot;jet_parallax_layout_bg_y_mobile&quot;:&quot;&quot;,&quot;jet_parallax_layout_bg_size&quot;:&quot;auto&quot;,&quot;jet_parallax_layout_bg_size_tablet&quot;:&quot;&quot;,&quot;jet_parallax_layout_bg_size_mobile&quot;:&quot;&quot;,&quot;jet_parallax_layout_animation_prop&quot;:&quot;transform&quot;,&quot;jet_parallax_layout_on&quot;:[&quot;desktop&quot;,&quot;tablet&quot;]}]}\">\n<div class=\"elementor-container elementor-column-gap-default\">\n<div class=\"elementor-column elementor-col-100 elementor-inner-column elementor-element elementor-element-2fad950\" data-id=\"2fad950\" data-element_type=\"column\" data-e-type=\"column\">\n<div class=\"elementor-widget-wrap elementor-element-populated\">\n<section data-particle_enable=\"false\" data-particle-mobile-disabled=\"false\" class=\"elementor-section elementor-inner-section elementor-element elementor-element-c5e9f17 elementor-section-boxed elementor-section-height-default elementor-section-height-default\" data-id=\"c5e9f17\" data-element_type=\"section\" data-e-type=\"section\" data-settings=\"{&quot;jet_parallax_layout_list&quot;:[{&quot;jet_parallax_layout_image&quot;:{&quot;url&quot;:&quot;&quot;,&quot;id&quot;:&quot;&quot;,&quot;size&quot;:&quot;&quot;},&quot;_id&quot;:&quot;a6bc194&quot;,&quot;jet_parallax_layout_speed&quot;:{&quot;unit&quot;:&quot;%&quot;,&quot;size&quot;:50,&quot;sizes&quot;:[]},&quot;jet_parallax_layout_image_tablet&quot;:{&quot;url&quot;:&quot;&quot;,&quot;id&quot;:&quot;&quot;,&quot;size&quot;:&quot;&quot;},&quot;jet_parallax_layout_image_mobile&quot;:{&quot;url&quot;:&quot;&quot;,&quot;id&quot;:&quot;&quot;,&quot;size&quot;:&quot;&quot;},&quot;jet_parallax_layout_type&quot;:&quot;scroll&quot;,&quot;jet_parallax_layout_direction&quot;:&quot;1&quot;,&quot;jet_parallax_layout_fx_direction&quot;:null,&quot;jet_parallax_layout_z_index&quot;:&quot;&quot;,&quot;jet_parallax_layout_bg_x&quot;:50,&quot;jet_parallax_layout_bg_x_tablet&quot;:&quot;&quot;,&quot;jet_parallax_layout_bg_x_mobile&quot;:&quot;&quot;,&quot;jet_parallax_layout_bg_y&quot;:50,&quot;jet_parallax_layout_bg_y_tablet&quot;:&quot;&quot;,&quot;jet_parallax_layout_bg_y_mobile&quot;:&quot;&quot;,&quot;jet_parallax_layout_bg_size&quot;:&quot;auto&quot;,&quot;jet_parallax_layout_bg_size_tablet&quot;:&quot;&quot;,&quot;jet_parallax_layout_bg_size_mobile&quot;:&quot;&quot;,&quot;jet_parallax_layout_animation_prop&quot;:&quot;transform&quot;,&quot;jet_parallax_layout_on&quot;:[&quot;desktop&quot;,&quot;tablet&quot;]}]}\">\n<div class=\"elementor-container elementor-column-gap-default\">\n<div class=\"elementor-column elementor-col-100 elementor-inner-column elementor-element elementor-element-2859338\" data-id=\"2859338\" data-element_type=\"column\" data-e-type=\"column\">\n<div class=\"elementor-widget-wrap elementor-element-populated\">\n<div class=\"elementor-element elementor-element-b8eea4a elementor-widget elementor-widget-video\" data-id=\"b8eea4a\" data-element_type=\"widget\" data-e-type=\"widget\" data-settings=\"{&quot;youtube_url&quot;:&quot;https:\\\/\\\/youtu.be\\\/oQbblFcQceE&quot;,&quot;autoplay&quot;:&quot;yes&quot;,&quot;play_on_mobile&quot;:&quot;yes&quot;,&quot;mute&quot;:&quot;yes&quot;,&quot;loop&quot;:&quot;yes&quot;,&quot;video_type&quot;:&quot;youtube&quot;,&quot;controls&quot;:&quot;yes&quot;}\" data-widget_type=\"video.default\">\n<div class=\"elementor-widget-container\">\n<div class=\"elementor-wrapper elementor-open-inline\">\n<div class=\"elementor-video\"><\/div>\n<\/p><\/div>\n<\/p><\/div>\n<\/p><\/div>\n<div class=\"elementor-element elementor-element-f1afcac elementor-widget elementor-widget-spacer\" data-id=\"f1afcac\" data-element_type=\"widget\" data-e-type=\"widget\" data-widget_type=\"spacer.default\">\n<div class=\"elementor-widget-container\">\n<div class=\"elementor-spacer\">\n<div class=\"elementor-spacer-inner\"><\/div>\n<\/p><\/div>\n<\/p><\/div>\n<\/p><\/div>\n<\/p><\/div>\n<\/p><\/div>\n<\/p><\/div>\n<\/section><\/div>\n<\/p><\/div>\n<\/p><\/div>\n<\/section><\/div>\n<\/p><\/div>\n<\/p><\/div>\n<\/section>\n<section data-particle_enable=\"false\" data-particle-mobile-disabled=\"false\" class=\"elementor-section elementor-top-section elementor-element elementor-element-8508578 elementor-section-boxed elementor-section-height-default elementor-section-height-default\" data-id=\"8508578\" data-element_type=\"section\" data-e-type=\"section\" data-settings=\"{&quot;jet_parallax_layout_list&quot;:[{&quot;jet_parallax_layout_image&quot;:{&quot;url&quot;:&quot;&quot;,&quot;id&quot;:&quot;&quot;,&quot;size&quot;:&quot;&quot;},&quot;_id&quot;:&quot;75fe776&quot;,&quot;jet_parallax_layout_speed&quot;:{&quot;unit&quot;:&quot;%&quot;,&quot;size&quot;:50,&quot;sizes&quot;:[]},&quot;jet_parallax_layout_image_tablet&quot;:{&quot;url&quot;:&quot;&quot;,&quot;id&quot;:&quot;&quot;,&quot;size&quot;:&quot;&quot;},&quot;jet_parallax_layout_image_mobile&quot;:{&quot;url&quot;:&quot;&quot;,&quot;id&quot;:&quot;&quot;,&quot;size&quot;:&quot;&quot;},&quot;jet_parallax_layout_type&quot;:&quot;scroll&quot;,&quot;jet_parallax_layout_direction&quot;:&quot;1&quot;,&quot;jet_parallax_layout_fx_direction&quot;:null,&quot;jet_parallax_layout_z_index&quot;:&quot;&quot;,&quot;jet_parallax_layout_bg_x&quot;:50,&quot;jet_parallax_layout_bg_x_tablet&quot;:&quot;&quot;,&quot;jet_parallax_layout_bg_x_mobile&quot;:&quot;&quot;,&quot;jet_parallax_layout_bg_y&quot;:50,&quot;jet_parallax_layout_bg_y_tablet&quot;:&quot;&quot;,&quot;jet_parallax_layout_bg_y_mobile&quot;:&quot;&quot;,&quot;jet_parallax_layout_bg_size&quot;:&quot;auto&quot;,&quot;jet_parallax_layout_bg_size_tablet&quot;:&quot;&quot;,&quot;jet_parallax_layout_bg_size_mobile&quot;:&quot;&quot;,&quot;jet_parallax_layout_animation_prop&quot;:&quot;transform&quot;,&quot;jet_parallax_layout_on&quot;:[&quot;desktop&quot;,&quot;tablet&quot;]}]}\">\n<div class=\"elementor-container elementor-column-gap-default\">\n<div class=\"elementor-column elementor-col-100 elementor-top-column elementor-element elementor-element-d8994d8\" data-id=\"d8994d8\" data-element_type=\"column\" data-e-type=\"column\">\n<div class=\"elementor-widget-wrap elementor-element-populated\">\n<div class=\"elementor-element elementor-element-15ecbc9 elementor-widget elementor-widget-heading\" data-id=\"15ecbc9\" data-element_type=\"widget\" data-e-type=\"widget\" data-widget_type=\"heading.default\">\n<div class=\"elementor-widget-container\">\n<h3 class=\"elementor-heading-title elementor-size-default\">V\u00f4o Asa Delta<\/h3>\n<\/p><\/div>\n<\/p><\/div>\n<div class=\"elementor-element elementor-element-7509077 elementor-widget elementor-widget-text-editor\" data-id=\"7509077\" data-element_type=\"widget\" data-e-type=\"widget\" data-widget_type=\"text-editor.default\">\n<div class=\"elementor-widget-container\">\n<p><span style=\"color: #000000;\"><strong>Valor: R$1.000<\/strong><\/span><\/p>\n<ul>\n<li><span style=\"color: #000000;\">Inclui transporte ida e volta at\u00e9 a pista de voo.<\/span><\/li>\n<li><span style=\"color: #000000;\">Voo duplo de asa delta com instrutor certificado.<\/span><\/li>\n<li><span style=\"color: #000000;\">Fotos e\u00a0 v\u00eddeos de seu voo.<\/span><\/li>\n<li><span style=\"color: #000000;\">Transporte ida e volta.<\/span><\/li>\n<li><span style=\"color: #000000;\">Segura obrigat\u00f3rio.<\/span><\/li>\n<\/ul>\n<p><span style=\"color: #000000;\">Realize seu sonho de voar!\u00a0No voo duplo de Asa Delta ter\u00e1 a chance de voar e apreciar desde o alto:\u00a0\u00a0<\/span><\/p>\n<ul>\n<li><span style=\"color: #000000;\">Floresta da Tijuca (a maior floresta urbana do mundo).<\/span><\/li>\n<li><span style=\"color: #000000;\">Praia de\u00a0 S\u00e3o Conrado.<\/span><\/li>\n<li><span style=\"color: #000000;\">Pedra da G\u00e1vea.<\/span><\/li>\n<li><span style=\"color: #000000;\">Favela da Rocinha.<\/span><\/li>\n<li><span style=\"color: #000000;\">Cristo Redentor.<\/span><\/li>\n<\/ul>\n<p><span style=\"color: #000000;\">Voe com um piloto com experi\u00eancia em voo livre\u00a0 pelo mundo inteiro desde 1979. O instrutor uma aula b\u00e1sica, referente aos procedimentos de decolagem, navega\u00e7\u00e3o e pouso (a instru\u00e7\u00e3o ocorre no clube de voo antes do voo, voc\u00ea ser\u00e1 acompanhado o tempo todo pelo instrutor).<\/span><\/p>\n<p><span style=\"color: #000000;\"><strong>Voe com seguran\u00e7a, nosso instrutor certificado em:<\/strong><\/span><\/p>\n<ul>\n<li><span style=\"color: #000000;\"><strong>Certificado pela USHGA (United States Hang Gliding Association)<\/strong><\/span><\/li>\n<li><span style=\"color: #000000;\"><strong>Certificado pela ABVL (Associa\u00e7\u00e3o\u00a0 Brasileira\u00a0 de Voo Livre)<\/strong><\/span><\/li>\n<\/ul>\n<p style=\"text-align: center;\"><span style=\"color: #000000;\"><strong><span style=\"text-decoration: underline;\">PARA RESERVAR TEM QUE PAGAR R$150 PELO SITE POR PESSOA. O RESTANTE DO VALOR E PAGO NO EMBARQUE AO INSTRUTOR EM CASH, OU NO CARTAO DE CREDITO TEM UM ACR\u00c9SCIMO DE 5%.<\/span><\/strong><\/span><\/p>\n<p style=\"text-align: center;\"><span style=\"color: #000000;\"><strong><span style=\"text-decoration: underline;\">ANTES DE RESERVAR CONFIRA DISPONIBILIDADE E HOR\u00c1RIO DE EMBARQUE NO CHAT DE ATENDIMENTO OU EM NOSSO WHATSAPP (5521) 982708702<\/span><\/strong><\/span><\/p>\n<\/p><\/div>\n<\/p><\/div>\n<div class=\"elementor-element elementor-element-7e62103 elementor-widget elementor-widget-spacer\" data-id=\"7e62103\" data-element_type=\"widget\" data-e-type=\"widget\" data-widget_type=\"spacer.default\">\n<div class=\"elementor-widget-container\">\n<div class=\"elementor-spacer\">\n<div class=\"elementor-spacer-inner\"><\/div>\n<\/p><\/div>\n<\/p><\/div>\n<\/p><\/div>\n<\/p><\/div>\n<\/p><\/div>\n<\/p><\/div>\n<\/section><\/div>\n","protected":false},"featured_media":0,"template":"","meta":{"site-sidebar-layout":"no-sidebar","site-content-layout":"page-builder","ast-site-content-layout":"default","site-content-style":"default","site-sidebar-style":"default","ast-global-header-display":"","ast-banner-title-visibility":"","ast-main-header-display":"","ast-hfb-above-header-display":"","ast-hfb-below-header-display":"","ast-hfb-mobile-header-display":"","site-post-title":"disabled","ast-breadcrumbs-content":"","ast-featured-img":"disabled","footer-sml-layout":"","ast-disable-related-posts":"","theme-transparent-header-meta":"default","adv-header-id-meta":"","stick-header-meta":"default","header-above-stick-meta":"","header-main-stick-meta":"","header-below-stick-meta":"","astra-migrate-meta-layouts":"default","ast-page-background-enabled":"default","ast-page-background-meta":{"desktop":{"background-color":"","background-image":"","background-repeat":"repeat","background-position":"center center","background-size":"auto","background-attachment":"scroll","background-type":"","background-media":"","overlay-type":"","overlay-color":"","overlay-opacity":"","overlay-gradient":""},"tablet":{"background-color":"","background-image":"","background-repeat":"repeat","background-position":"center center","background-size":"auto","background-attachment":"scroll","background-type":"","background-media":"","overlay-type":"","overlay-color":"","overlay-opacity":"","overlay-gradient":""},"mobile":{"background-color":"","background-image":"","background-repeat":"repeat","background-position":"center center","background-size":"auto","background-attachment":"scroll","background-type":"","background-media":"","overlay-type":"","overlay-color":"","overlay-opacity":"","overlay-gradient":""}},"ast-content-background-meta":{"desktop":{"background-color":"var(--ast-global-color-5)","background-image":"","background-repeat":"repeat","background-position":"center center","background-size":"auto","background-attachment":"scroll","background-type":"","background-media":"","overlay-type":"","overlay-color":"","overlay-opacity":"","overlay-gradient":""},"tablet":{"background-color":"var(--ast-global-color-5)","background-image":"","background-repeat":"repeat","background-position":"center center","background-size":"auto","background-attachment":"scroll","background-type":"","background-media":"","overlay-type":"","overlay-color":"","overlay-opacity":"","overlay-gradient":""},"mobile":{"background-color":"var(--ast-global-color-5)","background-image":"","background-repeat":"repeat","background-position":"center center","background-size":"auto","background-attachment":"scroll","background-type":"","background-media":"","overlay-type":"","overlay-color":"","overlay-opacity":"","overlay-gradient":""}}},"product_brand":[],"product_cat":[358],"product_tag":[],"class_list":{"0":"post-19257","1":"product","2":"type-product","3":"status-publish","5":"product_cat-tours","6":"tm-has-options","7":"desktop-align-left","8":"tablet-align-left","9":"mobile-align-left","11":"first","12":"instock","13":"virtual","14":"purchasable","15":"product-type-simple"},"yoast_head":"<!-- This site is optimized with the Yoast SEO Premium plugin v24.0 (Yoast SEO v27.4) - https:\/\/yoast.com\/product\/yoast-seo-premium-wordpress\/ -->\n<title>V\u00f4o Asa Delta - Go Carnaval Rio<\/title>\n<meta name=\"robots\" content=\"index, follow, max-snippet:-1, max-image-preview:large, max-video-preview:-1\" \/>\n<link rel=\"canonical\" href=\"https:\/\/gocarnavalrio.com\/pt\/produto\/voo-asa-delta\/\" \/>\n<meta property=\"og:locale\" content=\"pt_BR\" \/>\n<meta property=\"og:type\" content=\"article\" \/>\n<meta property=\"og:title\" content=\"V\u00f4o Asa Delta\" \/>\n<meta property=\"og:url\" content=\"https:\/\/gocarnavalrio.com\/pt\/produto\/voo-asa-delta\/\" \/>\n<meta property=\"og:site_name\" content=\"Go Carnaval Rio\" \/>\n<meta property=\"article:modified_time\" content=\"2022-12-07T19:41:07+00:00\" \/>\n<meta name=\"twitter:card\" content=\"summary_large_image\" \/>\n<meta name=\"twitter:description\" content=\"[elementor-template id=&quot;19252&quot;]\" \/>\n<script type=\"application\/ld+json\" class=\"yoast-schema-graph\">{\"@context\":\"https:\\\/\\\/schema.org\",\"@graph\":[{\"@type\":\"WebPage\",\"@id\":\"https:\\\/\\\/gocarnavalrio.com\\\/es\\\/producto\\\/voo-asa-delta\\\/\",\"url\":\"https:\\\/\\\/gocarnavalrio.com\\\/es\\\/producto\\\/voo-asa-delta\\\/\",\"name\":\"V\u00f4o Asa Delta - Go Carnaval Rio\",\"isPartOf\":{\"@id\":\"https:\\\/\\\/gocarnavalrio.com\\\/pt\\\/#website\"},\"datePublished\":\"2020-09-29T14:59:35+00:00\",\"dateModified\":\"2022-12-07T19:41:07+00:00\",\"breadcrumb\":{\"@id\":\"https:\\\/\\\/gocarnavalrio.com\\\/es\\\/producto\\\/voo-asa-delta\\\/#breadcrumb\"},\"inLanguage\":\"pt-BR\",\"potentialAction\":[{\"@type\":\"ReadAction\",\"target\":[\"https:\\\/\\\/gocarnavalrio.com\\\/es\\\/producto\\\/voo-asa-delta\\\/\"]}]},{\"@type\":\"BreadcrumbList\",\"@id\":\"https:\\\/\\\/gocarnavalrio.com\\\/es\\\/producto\\\/voo-asa-delta\\\/#breadcrumb\",\"itemListElement\":[{\"@type\":\"ListItem\",\"position\":1,\"name\":\"In\u00edcio\",\"item\":\"https:\\\/\\\/gocarnavalrio.com\\\/\"},{\"@type\":\"ListItem\",\"position\":2,\"name\":\"Loja\",\"item\":\"https:\\\/\\\/gocarnavalrio.com\\\/pt\\\/loja\\\/\"},{\"@type\":\"ListItem\",\"position\":3,\"name\":\"V\u00f4o Asa Delta\"}]},{\"@type\":\"WebSite\",\"@id\":\"https:\\\/\\\/gocarnavalrio.com\\\/pt\\\/#website\",\"url\":\"https:\\\/\\\/gocarnavalrio.com\\\/pt\\\/\",\"name\":\"Go Carnaval Rio\",\"description\":\"\",\"publisher\":{\"@id\":\"https:\\\/\\\/gocarnavalrio.com\\\/pt\\\/#organization\"},\"potentialAction\":[{\"@type\":\"SearchAction\",\"target\":{\"@type\":\"EntryPoint\",\"urlTemplate\":\"https:\\\/\\\/gocarnavalrio.com\\\/pt\\\/?s={search_term_string}\"},\"query-input\":{\"@type\":\"PropertyValueSpecification\",\"valueRequired\":true,\"valueName\":\"search_term_string\"}}],\"inLanguage\":\"pt-BR\"},{\"@type\":\"Organization\",\"@id\":\"https:\\\/\\\/gocarnavalrio.com\\\/pt\\\/#organization\",\"name\":\"Go Carnaval Rio\",\"url\":\"https:\\\/\\\/gocarnavalrio.com\\\/pt\\\/\",\"logo\":{\"@type\":\"ImageObject\",\"inLanguage\":\"pt-BR\",\"@id\":\"https:\\\/\\\/gocarnavalrio.com\\\/pt\\\/#\\\/schema\\\/logo\\\/image\\\/\",\"url\":\"https:\\\/\\\/gocarnavalrio.com\\\/wp-content\\\/uploads\\\/2019\\\/06\\\/go_carnaval_Rio_Logo.png\",\"contentUrl\":\"https:\\\/\\\/gocarnavalrio.com\\\/wp-content\\\/uploads\\\/2019\\\/06\\\/go_carnaval_Rio_Logo.png\",\"width\":500,\"height\":264,\"caption\":\"Go Carnaval Rio\"},\"image\":{\"@id\":\"https:\\\/\\\/gocarnavalrio.com\\\/pt\\\/#\\\/schema\\\/logo\\\/image\\\/\"}}]}<\/script>\n<!-- \/ Yoast SEO Premium plugin. -->","yoast_head_json":{"title":"V\u00f4o Asa Delta - Go Carnaval Rio","robots":{"index":"index","follow":"follow","max-snippet":"max-snippet:-1","max-image-preview":"max-image-preview:large","max-video-preview":"max-video-preview:-1"},"canonical":"https:\/\/gocarnavalrio.com\/pt\/produto\/voo-asa-delta\/","og_locale":"pt_BR","og_type":"article","og_title":"V\u00f4o Asa Delta","og_url":"https:\/\/gocarnavalrio.com\/pt\/produto\/voo-asa-delta\/","og_site_name":"Go Carnaval Rio","article_modified_time":"2022-12-07T19:41:07+00:00","twitter_card":"summary_large_image","twitter_description":"[elementor-template id=\"19252\"]","schema":{"@context":"https:\/\/schema.org","@graph":[{"@type":"WebPage","@id":"https:\/\/gocarnavalrio.com\/es\/producto\/voo-asa-delta\/","url":"https:\/\/gocarnavalrio.com\/es\/producto\/voo-asa-delta\/","name":"V\u00f4o Asa Delta - Go Carnaval Rio","isPartOf":{"@id":"https:\/\/gocarnavalrio.com\/pt\/#website"},"datePublished":"2020-09-29T14:59:35+00:00","dateModified":"2022-12-07T19:41:07+00:00","breadcrumb":{"@id":"https:\/\/gocarnavalrio.com\/es\/producto\/voo-asa-delta\/#breadcrumb"},"inLanguage":"pt-BR","potentialAction":[{"@type":"ReadAction","target":["https:\/\/gocarnavalrio.com\/es\/producto\/voo-asa-delta\/"]}]},{"@type":"BreadcrumbList","@id":"https:\/\/gocarnavalrio.com\/es\/producto\/voo-asa-delta\/#breadcrumb","itemListElement":[{"@type":"ListItem","position":1,"name":"In\u00edcio","item":"https:\/\/gocarnavalrio.com\/"},{"@type":"ListItem","position":2,"name":"Loja","item":"https:\/\/gocarnavalrio.com\/pt\/loja\/"},{"@type":"ListItem","position":3,"name":"V\u00f4o Asa Delta"}]},{"@type":"WebSite","@id":"https:\/\/gocarnavalrio.com\/pt\/#website","url":"https:\/\/gocarnavalrio.com\/pt\/","name":"Go Carnaval Rio","description":"","publisher":{"@id":"https:\/\/gocarnavalrio.com\/pt\/#organization"},"potentialAction":[{"@type":"SearchAction","target":{"@type":"EntryPoint","urlTemplate":"https:\/\/gocarnavalrio.com\/pt\/?s={search_term_string}"},"query-input":{"@type":"PropertyValueSpecification","valueRequired":true,"valueName":"search_term_string"}}],"inLanguage":"pt-BR"},{"@type":"Organization","@id":"https:\/\/gocarnavalrio.com\/pt\/#organization","name":"Go Carnaval Rio","url":"https:\/\/gocarnavalrio.com\/pt\/","logo":{"@type":"ImageObject","inLanguage":"pt-BR","@id":"https:\/\/gocarnavalrio.com\/pt\/#\/schema\/logo\/image\/","url":"https:\/\/gocarnavalrio.com\/wp-content\/uploads\/2019\/06\/go_carnaval_Rio_Logo.png","contentUrl":"https:\/\/gocarnavalrio.com\/wp-content\/uploads\/2019\/06\/go_carnaval_Rio_Logo.png","width":500,"height":264,"caption":"Go Carnaval Rio"},"image":{"@id":"https:\/\/gocarnavalrio.com\/pt\/#\/schema\/logo\/image\/"}}]}},"_links":{"self":[{"href":"https:\/\/gocarnavalrio.com\/pt\/wp-json\/wp\/v2\/product\/19257","targetHints":{"allow":["GET"]}}],"collection":[{"href":"https:\/\/gocarnavalrio.com\/pt\/wp-json\/wp\/v2\/product"}],"about":[{"href":"https:\/\/gocarnavalrio.com\/pt\/wp-json\/wp\/v2\/types\/product"}],"version-history":[{"count":2,"href":"https:\/\/gocarnavalrio.com\/pt\/wp-json\/wp\/v2\/product\/19257\/revisions"}],"predecessor-version":[{"id":21076,"href":"https:\/\/gocarnavalrio.com\/pt\/wp-json\/wp\/v2\/product\/19257\/revisions\/21076"}],"wp:attachment":[{"href":"https:\/\/gocarnavalrio.com\/pt\/wp-json\/wp\/v2\/media?parent=19257"}],"wp:term":[{"taxonomy":"product_brand","embeddable":true,"href":"https:\/\/gocarnavalrio.com\/pt\/wp-json\/wp\/v2\/product_brand?post=19257"},{"taxonomy":"product_cat","embeddable":true,"href":"https:\/\/gocarnavalrio.com\/pt\/wp-json\/wp\/v2\/product_cat?post=19257"},{"taxonomy":"product_tag","embeddable":true,"href":"https:\/\/gocarnavalrio.com\/pt\/wp-json\/wp\/v2\/product_tag?post=19257"}],"curies":[{"name":"wp","href":"https:\/\/api.w.org\/{rel}","templated":true}]}}