{"id":4116,"date":"2018-06-01T12:50:01","date_gmt":"2018-06-01T12:50:01","guid":{"rendered":"https:\/\/gocarnavalrio.com\/?page_id=4116"},"modified":"2023-08-04T16:02:00","modified_gmt":"2023-08-04T19:02:00","slug":"termos-e-condicoes","status":"publish","type":"page","link":"https:\/\/gocarnavalrio.com\/pt\/termos-e-condicoes\/","title":{"rendered":"Termos e Condi\u00e7\u00f5es"},"content":{"rendered":"\t\t<div data-elementor-type=\"wp-post\" data-elementor-id=\"4116\" class=\"elementor elementor-4116\" data-elementor-post-type=\"page\">\n\t\t\t\t\t\t<section data-particle_enable=\"false\" data-particle-mobile-disabled=\"false\" class=\"elementor-section elementor-top-section elementor-element elementor-element-2a48cbe elementor-section-boxed elementor-section-height-default elementor-section-height-default\" data-id=\"2a48cbe\" data-element_type=\"section\" data-e-type=\"section\" data-settings=\"{&quot;jet_parallax_layout_list&quot;:[{&quot;jet_parallax_layout_image&quot;:{&quot;url&quot;:&quot;&quot;,&quot;id&quot;:&quot;&quot;,&quot;size&quot;:&quot;&quot;},&quot;_id&quot;:&quot;e3f06e4&quot;,&quot;jet_parallax_layout_image_tablet&quot;:{&quot;url&quot;:&quot;&quot;,&quot;id&quot;:&quot;&quot;,&quot;size&quot;:&quot;&quot;},&quot;jet_parallax_layout_image_mobile&quot;:{&quot;url&quot;:&quot;&quot;,&quot;id&quot;:&quot;&quot;,&quot;size&quot;:&quot;&quot;},&quot;jet_parallax_layout_speed&quot;:{&quot;unit&quot;:&quot;%&quot;,&quot;size&quot;:50,&quot;sizes&quot;:[]},&quot;jet_parallax_layout_type&quot;:&quot;scroll&quot;,&quot;jet_parallax_layout_direction&quot;:&quot;1&quot;,&quot;jet_parallax_layout_fx_direction&quot;:null,&quot;jet_parallax_layout_z_index&quot;:&quot;&quot;,&quot;jet_parallax_layout_bg_x&quot;:50,&quot;jet_parallax_layout_bg_x_tablet&quot;:&quot;&quot;,&quot;jet_parallax_layout_bg_x_mobile&quot;:&quot;&quot;,&quot;jet_parallax_layout_bg_y&quot;:50,&quot;jet_parallax_layout_bg_y_tablet&quot;:&quot;&quot;,&quot;jet_parallax_layout_bg_y_mobile&quot;:&quot;&quot;,&quot;jet_parallax_layout_bg_size&quot;:&quot;auto&quot;,&quot;jet_parallax_layout_bg_size_tablet&quot;:&quot;&quot;,&quot;jet_parallax_layout_bg_size_mobile&quot;:&quot;&quot;,&quot;jet_parallax_layout_animation_prop&quot;:&quot;transform&quot;,&quot;jet_parallax_layout_on&quot;:[&quot;desktop&quot;,&quot;tablet&quot;]}]}\">\n\t\t\t\t\t\t<div class=\"elementor-container elementor-column-gap-default\">\n\t\t\t\t\t<div class=\"elementor-column elementor-col-100 elementor-top-column elementor-element elementor-element-183665b\" data-id=\"183665b\" data-element_type=\"column\" data-e-type=\"column\">\n\t\t\t<div class=\"elementor-widget-wrap elementor-element-populated\">\n\t\t\t\t\t\t<div class=\"elementor-element elementor-element-70ea548 elementor-widget elementor-widget-text-editor\" data-id=\"70ea548\" data-element_type=\"widget\" data-e-type=\"widget\" data-widget_type=\"text-editor.default\">\n\t\t\t\t<div class=\"elementor-widget-container\">\n\t\t\t\t\t\t\t\t\t<h3><strong><u>Termos e Condi\u00e7\u00f5es<\/u><\/strong><\/h3><p><strong><u>INGRESSOS: <\/u><\/strong>Uma vez adquirido o ingresso (s), nenhum reembolso pode ser processado.\u00a0 \u00a0<\/p><p><strong><u>TRANSLADO AO SAMBODROMO:<\/u><\/strong><\/p><ol><li>E necess\u00e1rio retirar seu crach\u00e1 de translado em nossa central de atendimento.<\/li><li>Mantenha o cart\u00e3o de identifica\u00e7\u00e3o (crach\u00e1) do Shuttle sempre no corpo, at\u00e9 seu retorno ao hotel.<\/li><li>N\u00e3o poder\u00e1 entrar no \u00f4nibus sem cart\u00e3o de identifica\u00e7\u00e3o (crach\u00e1). Nem na ida, nem na volta.<\/li><li>Infelizmente n\u00e3o podemos transportar cadeirantes, n\u00e3o temos a infraestrutura necess\u00e1ria para tal.<\/li><li>Nosso transporte \u00e9 realizado de Van, micro-\u00f4nibus e \u00f4nibus.<\/li><li>Em caso de cancelamento o n\u00e3o comparecimento no local e hora marcada, este valor n\u00e3o \u00e9 reembols\u00e1vel nem ficar\u00e1 como cr\u00e9dito.<\/li><li>Para assistir o Desfile desde o come\u00e7o, deve escolher o primeiro hor\u00e1rio de ida ao samb\u00f3dromo.<\/li><\/ol>\t\t\t\t\t\t\t\t<\/div>\n\t\t\t\t<\/div>\n\t\t\t\t\t<\/div>\n\t\t<\/div>\n\t\t\t\t\t<\/div>\n\t\t<\/section>\n\t\t\t\t<\/div>\n\t\t","protected":false},"excerpt":{"rendered":"<p>Termos e Condi\u00e7\u00f5es INGRESSOS: Uma vez adquirido o ingresso (s), nenhum reembolso pode ser processado.\u00a0 \u00a0 TRANSLADO AO SAMBODROMO: E necess\u00e1rio retirar seu crach\u00e1 de translado em nossa central de atendimento. Mantenha o cart\u00e3o de identifica\u00e7\u00e3o (crach\u00e1) do Shuttle sempre no corpo, at\u00e9 seu retorno ao hotel. N\u00e3o poder\u00e1 entrar no \u00f4nibus sem cart\u00e3o de [&hellip;]<\/p>\n","protected":false},"author":4,"featured_media":0,"parent":0,"menu_order":0,"comment_status":"closed","ping_status":"closed","template":"elementor_header_footer","meta":{"site-sidebar-layout":"no-sidebar","site-content-layout":"page-builder","ast-site-content-layout":"default","site-content-style":"default","site-sidebar-style":"default","ast-global-header-display":"","ast-banner-title-visibility":"","ast-main-header-display":"","ast-hfb-above-header-display":"","ast-hfb-below-header-display":"","ast-hfb-mobile-header-display":"","site-post-title":"disabled","ast-breadcrumbs-content":"","ast-featured-img":"disabled","footer-sml-layout":"","ast-disable-related-posts":"","theme-transparent-header-meta":"default","adv-header-id-meta":"","stick-header-meta":"default","header-above-stick-meta":"","header-main-stick-meta":"","header-below-stick-meta":"","astra-migrate-meta-layouts":"default","ast-page-background-enabled":"default","ast-page-background-meta":{"desktop":{"background-color":"","background-image":"","background-repeat":"repeat","background-position":"center center","background-size":"auto","background-attachment":"scroll","background-type":"","background-media":"","overlay-type":"","overlay-color":"","overlay-opacity":"","overlay-gradient":""},"tablet":{"background-color":"","background-image":"","background-repeat":"repeat","background-position":"center center","background-size":"auto","background-attachment":"scroll","background-type":"","background-media":"","overlay-type":"","overlay-color":"","overlay-opacity":"","overlay-gradient":""},"mobile":{"background-color":"","background-image":"","background-repeat":"repeat","background-position":"center center","background-size":"auto","background-attachment":"scroll","background-type":"","background-media":"","overlay-type":"","overlay-color":"","overlay-opacity":"","overlay-gradient":""}},"ast-content-background-meta":{"desktop":{"background-color":"var(--ast-global-color-5)","background-image":"","background-repeat":"repeat","background-position":"center center","background-size":"auto","background-attachment":"scroll","background-type":"","background-media":"","overlay-type":"","overlay-color":"","overlay-opacity":"","overlay-gradient":""},"tablet":{"background-color":"var(--ast-global-color-5)","background-image":"","background-repeat":"repeat","background-position":"center center","background-size":"auto","background-attachment":"scroll","background-type":"","background-media":"","overlay-type":"","overlay-color":"","overlay-opacity":"","overlay-gradient":""},"mobile":{"background-color":"var(--ast-global-color-5)","background-image":"","background-repeat":"repeat","background-position":"center center","background-size":"auto","background-attachment":"scroll","background-type":"","background-media":"","overlay-type":"","overlay-color":"","overlay-opacity":"","overlay-gradient":""}},"footnotes":""},"class_list":["post-4116","page","type-page","status-publish","hentry"],"yoast_head":"<!-- This site is optimized with the Yoast SEO Premium plugin v24.0 (Yoast SEO v27.4) - https:\/\/yoast.com\/product\/yoast-seo-premium-wordpress\/ -->\n<title>Termos e Condi\u00e7\u00f5es - Go Carnaval Rio<\/title>\n<meta name=\"robots\" content=\"index, follow, max-snippet:-1, max-image-preview:large, max-video-preview:-1\" \/>\n<link rel=\"canonical\" href=\"https:\/\/gocarnavalrio.com\/pt\/termos-e-condicoes\/\" \/>\n<meta property=\"og:locale\" content=\"pt_BR\" \/>\n<meta property=\"og:type\" content=\"article\" \/>\n<meta property=\"og:title\" content=\"Termos e Condi\u00e7\u00f5es\" \/>\n<meta property=\"og:description\" content=\"Termos e Condi\u00e7\u00f5es INGRESSOS: Uma vez adquirido o ingresso (s), nenhum reembolso pode ser processado.\u00a0 \u00a0 TRANSLADO AO SAMBODROMO: E necess\u00e1rio retirar seu crach\u00e1 de translado em nossa central de atendimento. Mantenha o cart\u00e3o de identifica\u00e7\u00e3o (crach\u00e1) do Shuttle sempre no corpo, at\u00e9 seu retorno ao hotel. N\u00e3o poder\u00e1 entrar no \u00f4nibus sem cart\u00e3o de [&hellip;]\" \/>\n<meta property=\"og:url\" content=\"https:\/\/gocarnavalrio.com\/pt\/termos-e-condicoes\/\" \/>\n<meta property=\"og:site_name\" content=\"Go Carnaval Rio\" \/>\n<meta property=\"article:modified_time\" content=\"2023-08-04T19:02:00+00:00\" \/>\n<meta name=\"twitter:card\" content=\"summary_large_image\" \/>\n<meta name=\"twitter:label1\" content=\"Est. tempo de leitura\" \/>\n\t<meta name=\"twitter:data1\" content=\"1 minuto\" \/>\n<script type=\"application\/ld+json\" class=\"yoast-schema-graph\">{\"@context\":\"https:\\\/\\\/schema.org\",\"@graph\":[{\"@type\":\"WebPage\",\"@id\":\"https:\\\/\\\/gocarnavalrio.com\\\/es\\\/termos-e-condicoes\\\/\",\"url\":\"https:\\\/\\\/gocarnavalrio.com\\\/es\\\/termos-e-condicoes\\\/\",\"name\":\"Termos e Condi\u00e7\u00f5es - Go Carnaval Rio\",\"isPartOf\":{\"@id\":\"https:\\\/\\\/gocarnavalrio.com\\\/pt\\\/#website\"},\"datePublished\":\"2018-06-01T12:50:01+00:00\",\"dateModified\":\"2023-08-04T19:02:00+00:00\",\"breadcrumb\":{\"@id\":\"https:\\\/\\\/gocarnavalrio.com\\\/es\\\/termos-e-condicoes\\\/#breadcrumb\"},\"inLanguage\":\"pt-BR\",\"potentialAction\":[{\"@type\":\"ReadAction\",\"target\":[\"https:\\\/\\\/gocarnavalrio.com\\\/es\\\/termos-e-condicoes\\\/\"]}]},{\"@type\":\"BreadcrumbList\",\"@id\":\"https:\\\/\\\/gocarnavalrio.com\\\/es\\\/termos-e-condicoes\\\/#breadcrumb\",\"itemListElement\":[{\"@type\":\"ListItem\",\"position\":1,\"name\":\"In\u00edcio\",\"item\":\"https:\\\/\\\/gocarnavalrio.com\\\/\"},{\"@type\":\"ListItem\",\"position\":2,\"name\":\"Termos e Condi\u00e7\u00f5es\"}]},{\"@type\":\"WebSite\",\"@id\":\"https:\\\/\\\/gocarnavalrio.com\\\/pt\\\/#website\",\"url\":\"https:\\\/\\\/gocarnavalrio.com\\\/pt\\\/\",\"name\":\"Go Carnaval Rio\",\"description\":\"\",\"publisher\":{\"@id\":\"https:\\\/\\\/gocarnavalrio.com\\\/pt\\\/#organization\"},\"potentialAction\":[{\"@type\":\"SearchAction\",\"target\":{\"@type\":\"EntryPoint\",\"urlTemplate\":\"https:\\\/\\\/gocarnavalrio.com\\\/pt\\\/?s={search_term_string}\"},\"query-input\":{\"@type\":\"PropertyValueSpecification\",\"valueRequired\":true,\"valueName\":\"search_term_string\"}}],\"inLanguage\":\"pt-BR\"},{\"@type\":\"Organization\",\"@id\":\"https:\\\/\\\/gocarnavalrio.com\\\/pt\\\/#organization\",\"name\":\"Go Carnaval Rio\",\"url\":\"https:\\\/\\\/gocarnavalrio.com\\\/pt\\\/\",\"logo\":{\"@type\":\"ImageObject\",\"inLanguage\":\"pt-BR\",\"@id\":\"https:\\\/\\\/gocarnavalrio.com\\\/pt\\\/#\\\/schema\\\/logo\\\/image\\\/\",\"url\":\"https:\\\/\\\/gocarnavalrio.com\\\/wp-content\\\/uploads\\\/2019\\\/06\\\/go_carnaval_Rio_Logo.png\",\"contentUrl\":\"https:\\\/\\\/gocarnavalrio.com\\\/wp-content\\\/uploads\\\/2019\\\/06\\\/go_carnaval_Rio_Logo.png\",\"width\":500,\"height\":264,\"caption\":\"Go Carnaval Rio\"},\"image\":{\"@id\":\"https:\\\/\\\/gocarnavalrio.com\\\/pt\\\/#\\\/schema\\\/logo\\\/image\\\/\"}}]}<\/script>\n<!-- \/ Yoast SEO Premium plugin. -->","yoast_head_json":{"title":"Termos e Condi\u00e7\u00f5es - Go Carnaval Rio","robots":{"index":"index","follow":"follow","max-snippet":"max-snippet:-1","max-image-preview":"max-image-preview:large","max-video-preview":"max-video-preview:-1"},"canonical":"https:\/\/gocarnavalrio.com\/pt\/termos-e-condicoes\/","og_locale":"pt_BR","og_type":"article","og_title":"Termos e Condi\u00e7\u00f5es","og_description":"Termos e Condi\u00e7\u00f5es INGRESSOS: Uma vez adquirido o ingresso (s), nenhum reembolso pode ser processado.\u00a0 \u00a0 TRANSLADO AO SAMBODROMO: E necess\u00e1rio retirar seu crach\u00e1 de translado em nossa central de atendimento. Mantenha o cart\u00e3o de identifica\u00e7\u00e3o (crach\u00e1) do Shuttle sempre no corpo, at\u00e9 seu retorno ao hotel. N\u00e3o poder\u00e1 entrar no \u00f4nibus sem cart\u00e3o de [&hellip;]","og_url":"https:\/\/gocarnavalrio.com\/pt\/termos-e-condicoes\/","og_site_name":"Go Carnaval Rio","article_modified_time":"2023-08-04T19:02:00+00:00","twitter_card":"summary_large_image","twitter_misc":{"Est. tempo de leitura":"1 minuto"},"schema":{"@context":"https:\/\/schema.org","@graph":[{"@type":"WebPage","@id":"https:\/\/gocarnavalrio.com\/es\/termos-e-condicoes\/","url":"https:\/\/gocarnavalrio.com\/es\/termos-e-condicoes\/","name":"Termos e Condi\u00e7\u00f5es - Go Carnaval Rio","isPartOf":{"@id":"https:\/\/gocarnavalrio.com\/pt\/#website"},"datePublished":"2018-06-01T12:50:01+00:00","dateModified":"2023-08-04T19:02:00+00:00","breadcrumb":{"@id":"https:\/\/gocarnavalrio.com\/es\/termos-e-condicoes\/#breadcrumb"},"inLanguage":"pt-BR","potentialAction":[{"@type":"ReadAction","target":["https:\/\/gocarnavalrio.com\/es\/termos-e-condicoes\/"]}]},{"@type":"BreadcrumbList","@id":"https:\/\/gocarnavalrio.com\/es\/termos-e-condicoes\/#breadcrumb","itemListElement":[{"@type":"ListItem","position":1,"name":"In\u00edcio","item":"https:\/\/gocarnavalrio.com\/"},{"@type":"ListItem","position":2,"name":"Termos e Condi\u00e7\u00f5es"}]},{"@type":"WebSite","@id":"https:\/\/gocarnavalrio.com\/pt\/#website","url":"https:\/\/gocarnavalrio.com\/pt\/","name":"Go Carnaval Rio","description":"","publisher":{"@id":"https:\/\/gocarnavalrio.com\/pt\/#organization"},"potentialAction":[{"@type":"SearchAction","target":{"@type":"EntryPoint","urlTemplate":"https:\/\/gocarnavalrio.com\/pt\/?s={search_term_string}"},"query-input":{"@type":"PropertyValueSpecification","valueRequired":true,"valueName":"search_term_string"}}],"inLanguage":"pt-BR"},{"@type":"Organization","@id":"https:\/\/gocarnavalrio.com\/pt\/#organization","name":"Go Carnaval Rio","url":"https:\/\/gocarnavalrio.com\/pt\/","logo":{"@type":"ImageObject","inLanguage":"pt-BR","@id":"https:\/\/gocarnavalrio.com\/pt\/#\/schema\/logo\/image\/","url":"https:\/\/gocarnavalrio.com\/wp-content\/uploads\/2019\/06\/go_carnaval_Rio_Logo.png","contentUrl":"https:\/\/gocarnavalrio.com\/wp-content\/uploads\/2019\/06\/go_carnaval_Rio_Logo.png","width":500,"height":264,"caption":"Go Carnaval Rio"},"image":{"@id":"https:\/\/gocarnavalrio.com\/pt\/#\/schema\/logo\/image\/"}}]}},"_links":{"self":[{"href":"https:\/\/gocarnavalrio.com\/pt\/wp-json\/wp\/v2\/pages\/4116","targetHints":{"allow":["GET"]}}],"collection":[{"href":"https:\/\/gocarnavalrio.com\/pt\/wp-json\/wp\/v2\/pages"}],"about":[{"href":"https:\/\/gocarnavalrio.com\/pt\/wp-json\/wp\/v2\/types\/page"}],"author":[{"embeddable":true,"href":"https:\/\/gocarnavalrio.com\/pt\/wp-json\/wp\/v2\/users\/4"}],"replies":[{"embeddable":true,"href":"https:\/\/gocarnavalrio.com\/pt\/wp-json\/wp\/v2\/comments?post=4116"}],"version-history":[{"count":3,"href":"https:\/\/gocarnavalrio.com\/pt\/wp-json\/wp\/v2\/pages\/4116\/revisions"}],"predecessor-version":[{"id":21592,"href":"https:\/\/gocarnavalrio.com\/pt\/wp-json\/wp\/v2\/pages\/4116\/revisions\/21592"}],"wp:attachment":[{"href":"https:\/\/gocarnavalrio.com\/pt\/wp-json\/wp\/v2\/media?parent=4116"}],"curies":[{"name":"wp","href":"https:\/\/api.w.org\/{rel}","templated":true}]}}