{"id":1256,"date":"2017-10-27T10:53:48","date_gmt":"2017-10-27T10:53:48","guid":{"rendered":"https:\/\/gocarnavalrio.com\/?page_id=1256"},"modified":"2020-01-08T14:46:44","modified_gmt":"2020-01-08T17:46:44","slug":"tour-para-o-ensaio-das-escolas-de-samba","status":"publish","type":"page","link":"https:\/\/gocarnavalrio.com\/pt\/tour-para-o-ensaio-das-escolas-de-samba\/","title":{"rendered":"Ensaio das Escolas de Samba"},"content":{"rendered":"<h4>Ensaio das Escolas de Samba<\/h4>\n<div class=\"ast-oembed-container \" style=\"height: 100%;\"><iframe title=\"Ensaio Escola de Samba Salgueiro\" width=\"500\" height=\"281\" src=\"https:\/\/www.youtube.com\/embed\/sIQ9bl4qtB4?feature=oembed\" frameborder=\"0\" allow=\"accelerometer; autoplay; clipboard-write; encrypted-media; gyroscope; picture-in-picture; web-share\" referrerpolicy=\"strict-origin-when-cross-origin\" allowfullscreen><\/iframe><\/div>\n<p>Quem disse que voc\u00ea deve esperar at\u00e9 o Carnaval para ver as Escolas de Samba?<\/p>\n<p>As Escolas de Samba come\u00e7am sua prepara\u00e7\u00e3o para o grande desfile de Carnaval, v\u00e1rios meses antes. Os primeiros ensaios come\u00e7am em julho ou agosto (isso depende de cada escola de samba).<\/p>\n<p>Todos os s\u00e1bados \u00e0 noite, visitamos a prestigiada Escola de Samba Salgueiro (uma das melhores do Rio de Janeiro) e ser\u00e1 um prazer lev\u00e1-lo a esta experi\u00eancia inesquec\u00edvel.<\/p>\n<p>Dependendo do seu hotel, vamos busc\u00e1-lo entre as 21:00 ou 22:00.<\/p>\n<p>Ao chegar no Ensaio da Escola de Samba, uma mesa confort\u00e1vel ter\u00e1 sido reservada para voc\u00ea e seu grupo.<\/p>\n<p>Esta noite m\u00e1gica come\u00e7ar\u00e1 com uma divertida Banda de M\u00fasica Popular Brasileira. Belas passistas, baianas, m\u00fasicos talentosos e o casal de porta-bandeiras o introduzir\u00e3o no fascinante mundo do Samba e do Carnaval Carioca.<\/p>\n<p>Por volta das 00:30 ser\u00e1 o destaque da noite, a apresenta\u00e7\u00e3o da\u00a0<strong>Bateria<\/strong>\u00a0(orquestra de percuss\u00e3o), o cora\u00e7\u00e3o da escola de samba. Sessenta instrumentos de percuss\u00e3o tocados simultaneamente em perfeita harmonia, criam um maravilhoso ritmo de for\u00e7a e alegria inigual\u00e1veis. Este ritmo \u00e9 um tesouro, um verdadeiro patrim\u00f4nio cultural de valor inestim\u00e1vel.<\/p>\n<p>Voc\u00ea vai lembrar desta noite para sempre !!!<\/p>\n<p>Podemos descrever o Tour, mas n\u00e3o h\u00e1 palavras para explicar a energia incr\u00edvel e a sensa\u00e7\u00e3o \u00fanica da visitar uma escola de samba.<\/p>\n<p>Os Ensaios da Escola de Samba Salgueiro n\u00e3o s\u00e3o apenas um espet\u00e1culo, \u00e9 uma viv\u00eancia cultural maravilhosa que voc\u00ea n\u00e3o pode perder em sua visita ao Rio de Janeiro.<\/p>\n","protected":false},"excerpt":{"rendered":"<p>Ensaio das Escolas de Samba Quem disse que voc\u00ea deve esperar at\u00e9 o Carnaval para ver as Escolas de Samba? As Escolas de Samba come\u00e7am sua prepara\u00e7\u00e3o para o grande desfile de Carnaval, v\u00e1rios meses antes. Os primeiros ensaios come\u00e7am em julho ou agosto (isso depende de cada escola de samba). Todos os s\u00e1bados \u00e0 [&hellip;]<\/p>\n","protected":false},"author":4,"featured_media":0,"parent":0,"menu_order":0,"comment_status":"closed","ping_status":"closed","template":"elementor_header_footer","meta":{"site-sidebar-layout":"default","site-content-layout":"default","ast-site-content-layout":"default","site-content-style":"default","site-sidebar-style":"default","ast-global-header-display":"","ast-banner-title-visibility":"","ast-main-header-display":"","ast-hfb-above-header-display":"","ast-hfb-below-header-display":"","ast-hfb-mobile-header-display":"","site-post-title":"","ast-breadcrumbs-content":"","ast-featured-img":"","footer-sml-layout":"","ast-disable-related-posts":"","theme-transparent-header-meta":"","adv-header-id-meta":"","stick-header-meta":"default","header-above-stick-meta":"","header-main-stick-meta":"","header-below-stick-meta":"","astra-migrate-meta-layouts":"default","ast-page-background-enabled":"default","ast-page-background-meta":{"desktop":{"background-color":"","background-image":"","background-repeat":"repeat","background-position":"center center","background-size":"auto","background-attachment":"scroll","background-type":"","background-media":"","overlay-type":"","overlay-color":"","overlay-opacity":"","overlay-gradient":""},"tablet":{"background-color":"","background-image":"","background-repeat":"repeat","background-position":"center center","background-size":"auto","background-attachment":"scroll","background-type":"","background-media":"","overlay-type":"","overlay-color":"","overlay-opacity":"","overlay-gradient":""},"mobile":{"background-color":"","background-image":"","background-repeat":"repeat","background-position":"center center","background-size":"auto","background-attachment":"scroll","background-type":"","background-media":"","overlay-type":"","overlay-color":"","overlay-opacity":"","overlay-gradient":""}},"ast-content-background-meta":{"desktop":{"background-color":"var(--ast-global-color-5)","background-image":"","background-repeat":"repeat","background-position":"center center","background-size":"auto","background-attachment":"scroll","background-type":"","background-media":"","overlay-type":"","overlay-color":"","overlay-opacity":"","overlay-gradient":""},"tablet":{"background-color":"var(--ast-global-color-5)","background-image":"","background-repeat":"repeat","background-position":"center center","background-size":"auto","background-attachment":"scroll","background-type":"","background-media":"","overlay-type":"","overlay-color":"","overlay-opacity":"","overlay-gradient":""},"mobile":{"background-color":"var(--ast-global-color-5)","background-image":"","background-repeat":"repeat","background-position":"center center","background-size":"auto","background-attachment":"scroll","background-type":"","background-media":"","overlay-type":"","overlay-color":"","overlay-opacity":"","overlay-gradient":""}},"footnotes":""},"class_list":["post-1256","page","type-page","status-publish","hentry"],"yoast_head":"<!-- This site is optimized with the Yoast SEO Premium plugin v24.0 (Yoast SEO v27.4) - https:\/\/yoast.com\/product\/yoast-seo-premium-wordpress\/ -->\n<title>Tour para o ensaio das Escolas de Samba? Reserve j\u00e1!<\/title>\n<meta name=\"description\" content=\"Venha vivenciar uma das maiores experi\u00eancias da cidade maravilhosa ao fazer conosco o tour para o ensaio das Escolas de Samba do Rio de Janeiro!\" \/>\n<meta name=\"robots\" content=\"index, follow, max-snippet:-1, max-image-preview:large, max-video-preview:-1\" \/>\n<link rel=\"canonical\" href=\"https:\/\/gocarnavalrio.com\/pt\/tour-para-o-ensaio-das-escolas-de-samba\/\" \/>\n<meta property=\"og:locale\" content=\"pt_BR\" \/>\n<meta property=\"og:type\" content=\"article\" \/>\n<meta property=\"og:title\" content=\"Ensaio das Escolas de Samba\" \/>\n<meta property=\"og:description\" content=\"Venha vivenciar uma das maiores experi\u00eancias da cidade maravilhosa ao fazer conosco o tour para o ensaio das Escolas de Samba do Rio de Janeiro!\" \/>\n<meta property=\"og:url\" content=\"https:\/\/gocarnavalrio.com\/pt\/tour-para-o-ensaio-das-escolas-de-samba\/\" \/>\n<meta property=\"og:site_name\" content=\"Go Carnaval Rio\" \/>\n<meta property=\"article:modified_time\" content=\"2020-01-08T17:46:44+00:00\" \/>\n<meta name=\"twitter:card\" content=\"summary_large_image\" \/>\n<meta name=\"twitter:label1\" content=\"Est. tempo de leitura\" \/>\n\t<meta name=\"twitter:data1\" content=\"1 minuto\" \/>\n<script type=\"application\/ld+json\" class=\"yoast-schema-graph\">{\"@context\":\"https:\\\/\\\/schema.org\",\"@graph\":[{\"@type\":\"WebPage\",\"@id\":\"https:\\\/\\\/gocarnavalrio.com\\\/pt\\\/tour-para-o-ensaio-das-escolas-de-samba\\\/\",\"url\":\"https:\\\/\\\/gocarnavalrio.com\\\/pt\\\/tour-para-o-ensaio-das-escolas-de-samba\\\/\",\"name\":\"Tour para o ensaio das Escolas de Samba? Reserve j\u00e1!\",\"isPartOf\":{\"@id\":\"https:\\\/\\\/gocarnavalrio.com\\\/pt\\\/#website\"},\"datePublished\":\"2017-10-27T10:53:48+00:00\",\"dateModified\":\"2020-01-08T17:46:44+00:00\",\"description\":\"Venha vivenciar uma das maiores experi\u00eancias da cidade maravilhosa ao fazer conosco o tour para o ensaio das Escolas de Samba do Rio de Janeiro!\",\"breadcrumb\":{\"@id\":\"https:\\\/\\\/gocarnavalrio.com\\\/pt\\\/tour-para-o-ensaio-das-escolas-de-samba\\\/#breadcrumb\"},\"inLanguage\":\"pt-BR\",\"potentialAction\":[{\"@type\":\"ReadAction\",\"target\":[\"https:\\\/\\\/gocarnavalrio.com\\\/pt\\\/tour-para-o-ensaio-das-escolas-de-samba\\\/\"]}]},{\"@type\":\"BreadcrumbList\",\"@id\":\"https:\\\/\\\/gocarnavalrio.com\\\/pt\\\/tour-para-o-ensaio-das-escolas-de-samba\\\/#breadcrumb\",\"itemListElement\":[{\"@type\":\"ListItem\",\"position\":1,\"name\":\"In\u00edcio\",\"item\":\"https:\\\/\\\/gocarnavalrio.com\\\/\"},{\"@type\":\"ListItem\",\"position\":2,\"name\":\"Ensaio das Escolas de Samba\"}]},{\"@type\":\"WebSite\",\"@id\":\"https:\\\/\\\/gocarnavalrio.com\\\/pt\\\/#website\",\"url\":\"https:\\\/\\\/gocarnavalrio.com\\\/pt\\\/\",\"name\":\"Go Carnaval Rio\",\"description\":\"\",\"publisher\":{\"@id\":\"https:\\\/\\\/gocarnavalrio.com\\\/pt\\\/#organization\"},\"potentialAction\":[{\"@type\":\"SearchAction\",\"target\":{\"@type\":\"EntryPoint\",\"urlTemplate\":\"https:\\\/\\\/gocarnavalrio.com\\\/pt\\\/?s={search_term_string}\"},\"query-input\":{\"@type\":\"PropertyValueSpecification\",\"valueRequired\":true,\"valueName\":\"search_term_string\"}}],\"inLanguage\":\"pt-BR\"},{\"@type\":\"Organization\",\"@id\":\"https:\\\/\\\/gocarnavalrio.com\\\/pt\\\/#organization\",\"name\":\"Go Carnaval Rio\",\"url\":\"https:\\\/\\\/gocarnavalrio.com\\\/pt\\\/\",\"logo\":{\"@type\":\"ImageObject\",\"inLanguage\":\"pt-BR\",\"@id\":\"https:\\\/\\\/gocarnavalrio.com\\\/pt\\\/#\\\/schema\\\/logo\\\/image\\\/\",\"url\":\"https:\\\/\\\/gocarnavalrio.com\\\/wp-content\\\/uploads\\\/2019\\\/06\\\/go_carnaval_Rio_Logo.png\",\"contentUrl\":\"https:\\\/\\\/gocarnavalrio.com\\\/wp-content\\\/uploads\\\/2019\\\/06\\\/go_carnaval_Rio_Logo.png\",\"width\":500,\"height\":264,\"caption\":\"Go Carnaval Rio\"},\"image\":{\"@id\":\"https:\\\/\\\/gocarnavalrio.com\\\/pt\\\/#\\\/schema\\\/logo\\\/image\\\/\"}}]}<\/script>\n<!-- \/ Yoast SEO Premium plugin. -->","yoast_head_json":{"title":"Tour para o ensaio das Escolas de Samba? Reserve j\u00e1!","description":"Venha vivenciar uma das maiores experi\u00eancias da cidade maravilhosa ao fazer conosco o tour para o ensaio das Escolas de Samba do Rio de Janeiro!","robots":{"index":"index","follow":"follow","max-snippet":"max-snippet:-1","max-image-preview":"max-image-preview:large","max-video-preview":"max-video-preview:-1"},"canonical":"https:\/\/gocarnavalrio.com\/pt\/tour-para-o-ensaio-das-escolas-de-samba\/","og_locale":"pt_BR","og_type":"article","og_title":"Ensaio das Escolas de Samba","og_description":"Venha vivenciar uma das maiores experi\u00eancias da cidade maravilhosa ao fazer conosco o tour para o ensaio das Escolas de Samba do Rio de Janeiro!","og_url":"https:\/\/gocarnavalrio.com\/pt\/tour-para-o-ensaio-das-escolas-de-samba\/","og_site_name":"Go Carnaval Rio","article_modified_time":"2020-01-08T17:46:44+00:00","twitter_card":"summary_large_image","twitter_misc":{"Est. tempo de leitura":"1 minuto"},"schema":{"@context":"https:\/\/schema.org","@graph":[{"@type":"WebPage","@id":"https:\/\/gocarnavalrio.com\/pt\/tour-para-o-ensaio-das-escolas-de-samba\/","url":"https:\/\/gocarnavalrio.com\/pt\/tour-para-o-ensaio-das-escolas-de-samba\/","name":"Tour para o ensaio das Escolas de Samba? Reserve j\u00e1!","isPartOf":{"@id":"https:\/\/gocarnavalrio.com\/pt\/#website"},"datePublished":"2017-10-27T10:53:48+00:00","dateModified":"2020-01-08T17:46:44+00:00","description":"Venha vivenciar uma das maiores experi\u00eancias da cidade maravilhosa ao fazer conosco o tour para o ensaio das Escolas de Samba do Rio de Janeiro!","breadcrumb":{"@id":"https:\/\/gocarnavalrio.com\/pt\/tour-para-o-ensaio-das-escolas-de-samba\/#breadcrumb"},"inLanguage":"pt-BR","potentialAction":[{"@type":"ReadAction","target":["https:\/\/gocarnavalrio.com\/pt\/tour-para-o-ensaio-das-escolas-de-samba\/"]}]},{"@type":"BreadcrumbList","@id":"https:\/\/gocarnavalrio.com\/pt\/tour-para-o-ensaio-das-escolas-de-samba\/#breadcrumb","itemListElement":[{"@type":"ListItem","position":1,"name":"In\u00edcio","item":"https:\/\/gocarnavalrio.com\/"},{"@type":"ListItem","position":2,"name":"Ensaio das Escolas de Samba"}]},{"@type":"WebSite","@id":"https:\/\/gocarnavalrio.com\/pt\/#website","url":"https:\/\/gocarnavalrio.com\/pt\/","name":"Go Carnaval Rio","description":"","publisher":{"@id":"https:\/\/gocarnavalrio.com\/pt\/#organization"},"potentialAction":[{"@type":"SearchAction","target":{"@type":"EntryPoint","urlTemplate":"https:\/\/gocarnavalrio.com\/pt\/?s={search_term_string}"},"query-input":{"@type":"PropertyValueSpecification","valueRequired":true,"valueName":"search_term_string"}}],"inLanguage":"pt-BR"},{"@type":"Organization","@id":"https:\/\/gocarnavalrio.com\/pt\/#organization","name":"Go Carnaval Rio","url":"https:\/\/gocarnavalrio.com\/pt\/","logo":{"@type":"ImageObject","inLanguage":"pt-BR","@id":"https:\/\/gocarnavalrio.com\/pt\/#\/schema\/logo\/image\/","url":"https:\/\/gocarnavalrio.com\/wp-content\/uploads\/2019\/06\/go_carnaval_Rio_Logo.png","contentUrl":"https:\/\/gocarnavalrio.com\/wp-content\/uploads\/2019\/06\/go_carnaval_Rio_Logo.png","width":500,"height":264,"caption":"Go Carnaval Rio"},"image":{"@id":"https:\/\/gocarnavalrio.com\/pt\/#\/schema\/logo\/image\/"}}]}},"_links":{"self":[{"href":"https:\/\/gocarnavalrio.com\/pt\/wp-json\/wp\/v2\/pages\/1256","targetHints":{"allow":["GET"]}}],"collection":[{"href":"https:\/\/gocarnavalrio.com\/pt\/wp-json\/wp\/v2\/pages"}],"about":[{"href":"https:\/\/gocarnavalrio.com\/pt\/wp-json\/wp\/v2\/types\/page"}],"author":[{"embeddable":true,"href":"https:\/\/gocarnavalrio.com\/pt\/wp-json\/wp\/v2\/users\/4"}],"replies":[{"embeddable":true,"href":"https:\/\/gocarnavalrio.com\/pt\/wp-json\/wp\/v2\/comments?post=1256"}],"version-history":[{"count":0,"href":"https:\/\/gocarnavalrio.com\/pt\/wp-json\/wp\/v2\/pages\/1256\/revisions"}],"wp:attachment":[{"href":"https:\/\/gocarnavalrio.com\/pt\/wp-json\/wp\/v2\/media?parent=1256"}],"curies":[{"name":"wp","href":"https:\/\/api.w.org\/{rel}","templated":true}]}}