{"id":25233,"date":"2026-01-09T14:34:01","date_gmt":"2026-01-09T17:34:01","guid":{"rendered":"https:\/\/gocarnavalrio.com\/?post_type=product&#038;p=25233"},"modified":"2026-01-09T14:36:06","modified_gmt":"2026-01-09T17:36:06","slug":"1-fantasia-carro-abre-alas-da-escola-estacao-primeira-de-mangueira-para-desfilar-no-sambodromo-do-rio-de-janeiro-desfile-das-escolas-de-samba-2026-dia-de-desfile-15-2-2026-comprando-a-sua-fantasias","status":"publish","type":"product","link":"https:\/\/gocarnavalrio.com\/es\/producto\/1-fantasia-carro-abre-alas-da-escola-estacao-primeira-de-mangueira-para-desfilar-no-sambodromo-do-rio-de-janeiro-desfile-das-escolas-de-samba-2026-dia-de-desfile-15-2-2026-comprando-a-sua-fantasias\/","title":{"rendered":"1 Fantasia Carro Abre Alas da Escola Esta\u00e7\u00e3o Primeira de Mangueira para desfilar no Sambodromo do Rio de Janeiro Desfile das Escolas de Samba 2026. Dia de Desfile 15\/2\/2026. Comprando a sua Fantasias com a nossa Agencia inclui:  Participar do Desfile da Escola de Samba da qual a fantasia pertence. Entrega de sua fantasia sem custo adicional em sua hospedagem no Rio de Janeiro (Zona Sul, Barra de Tijuca e Centro). Atendimento de nossa equipe especializada no Samb\u00f3dromo para poder orientar voc\u00ea na chegada ao Sambodromo e na concentra\u00e7\u00e3o da Escola. Valor total: R$15.000."},"content":{"rendered":"","protected":false},"excerpt":{"rendered":"","protected":false},"featured_media":25235,"template":"","meta":{"site-sidebar-layout":"default","site-content-layout":"","ast-site-content-layout":"default","site-content-style":"default","site-sidebar-style":"default","ast-global-header-display":"","ast-banner-title-visibility":"","ast-main-header-display":"","ast-hfb-above-header-display":"","ast-hfb-below-header-display":"","ast-hfb-mobile-header-display":"","site-post-title":"","ast-breadcrumbs-content":"","ast-featured-img":"","footer-sml-layout":"","ast-disable-related-posts":"","theme-transparent-header-meta":"default","adv-header-id-meta":"","stick-header-meta":"default","header-above-stick-meta":"","header-main-stick-meta":"","header-below-stick-meta":"","astra-migrate-meta-layouts":"set","ast-page-background-enabled":"default","ast-page-background-meta":{"desktop":{"background-color":"","background-image":"","background-repeat":"repeat","background-position":"center center","background-size":"auto","background-attachment":"scroll","background-type":"","background-media":"","overlay-type":"","overlay-color":"","overlay-opacity":"","overlay-gradient":""},"tablet":{"background-color":"","background-image":"","background-repeat":"repeat","background-position":"center center","background-size":"auto","background-attachment":"scroll","background-type":"","background-media":"","overlay-type":"","overlay-color":"","overlay-opacity":"","overlay-gradient":""},"mobile":{"background-color":"","background-image":"","background-repeat":"repeat","background-position":"center center","background-size":"auto","background-attachment":"scroll","background-type":"","background-media":"","overlay-type":"","overlay-color":"","overlay-opacity":"","overlay-gradient":""}},"ast-content-background-meta":{"desktop":{"background-color":"var(--ast-global-color-5)","background-image":"","background-repeat":"repeat","background-position":"center center","background-size":"auto","background-attachment":"scroll","background-type":"","background-media":"","overlay-type":"","overlay-color":"","overlay-opacity":"","overlay-gradient":""},"tablet":{"background-color":"var(--ast-global-color-5)","background-image":"","background-repeat":"repeat","background-position":"center center","background-size":"auto","background-attachment":"scroll","background-type":"","background-media":"","overlay-type":"","overlay-color":"","overlay-opacity":"","overlay-gradient":""},"mobile":{"background-color":"var(--ast-global-color-5)","background-image":"","background-repeat":"repeat","background-position":"center center","background-size":"auto","background-attachment":"scroll","background-type":"","background-media":"","overlay-type":"","overlay-color":"","overlay-opacity":"","overlay-gradient":""}}},"product_brand":[],"product_cat":[123],"product_tag":[],"class_list":{"0":"post-25233","1":"product","2":"type-product","3":"status-publish","4":"has-post-thumbnail","6":"product_cat-uncategorized","7":"tm-no-options","8":"desktop-align-left","9":"tablet-align-left","10":"mobile-align-left","12":"first","13":"instock","14":"shipping-taxable","15":"purchasable","16":"product-type-simple"},"yoast_head":"<!-- This site is optimized with the Yoast SEO Premium plugin v24.0 (Yoast SEO v27.4) - https:\/\/yoast.com\/product\/yoast-seo-premium-wordpress\/ -->\n<title>1 Fantasia Carro Abre Alas da Escola Esta\u00e7\u00e3o Primeira de Mangueira para desfilar no Sambodromo do Rio de Janeiro Desfile das Escolas de Samba 2026. Dia de Desfile 15\/2\/2026. Comprando a sua Fantasias com a nossa Agencia inclui: Participar do Desfile da Escola de Samba da qual a fantasia pertence. Entrega de sua fantasia sem custo adicional em sua hospedagem no Rio de Janeiro (Zona Sul, Barra de Tijuca e Centro). Atendimento de nossa equipe especializada no Samb\u00f3dromo para poder orientar voc\u00ea na chegada ao Sambodromo e na concentra\u00e7\u00e3o da Escola. Valor total: R$15.000. - Go Carnaval Rio<\/title>\n<meta name=\"robots\" content=\"index, follow, max-snippet:-1, max-image-preview:large, max-video-preview:-1\" \/>\n<link rel=\"canonical\" href=\"https:\/\/gocarnavalrio.com\/es\/producto\/1-fantasia-carro-abre-alas-da-escola-estacao-primeira-de-mangueira-para-desfilar-no-sambodromo-do-rio-de-janeiro-desfile-das-escolas-de-samba-2026-dia-de-desfile-15-2-2026-comprando-a-sua-fantasias\/\" \/>\n<meta property=\"og:locale\" content=\"es_ES\" \/>\n<meta property=\"og:type\" content=\"article\" \/>\n<meta property=\"og:title\" content=\"1 Fantasia Carro Abre Alas da Escola Esta\u00e7\u00e3o Primeira de Mangueira para desfilar no Sambodromo do Rio de Janeiro Desfile das Escolas de Samba 2026. Dia de Desfile 15\/2\/2026. Comprando a sua Fantasias com a nossa Agencia inclui: Participar do Desfile da Escola de Samba da qual a fantasia pertence. Entrega de sua fantasia sem custo adicional em sua hospedagem no Rio de Janeiro (Zona Sul, Barra de Tijuca e Centro). Atendimento de nossa equipe especializada no Samb\u00f3dromo para poder orientar voc\u00ea na chegada ao Sambodromo e na concentra\u00e7\u00e3o da Escola. Valor total: R$15.000.\" \/>\n<meta property=\"og:url\" content=\"https:\/\/gocarnavalrio.com\/es\/producto\/1-fantasia-carro-abre-alas-da-escola-estacao-primeira-de-mangueira-para-desfilar-no-sambodromo-do-rio-de-janeiro-desfile-das-escolas-de-samba-2026-dia-de-desfile-15-2-2026-comprando-a-sua-fantasias\/\" \/>\n<meta property=\"og:site_name\" content=\"Go Carnaval Rio\" \/>\n<meta property=\"article:modified_time\" content=\"2026-01-09T17:36:06+00:00\" \/>\n<meta property=\"og:image\" content=\"https:\/\/gocarnavalrio.com\/wp-content\/uploads\/2026\/01\/LogoMANG.png\" \/>\n\t<meta property=\"og:image:width\" content=\"279\" \/>\n\t<meta property=\"og:image:height\" content=\"300\" \/>\n\t<meta property=\"og:image:type\" content=\"image\/png\" \/>\n<meta name=\"twitter:card\" content=\"summary_large_image\" \/>\n<meta name=\"twitter:label1\" content=\"Tiempo de lectura\" \/>\n\t<meta name=\"twitter:data1\" content=\"1 minuto\" \/>\n<script type=\"application\/ld+json\" class=\"yoast-schema-graph\">{\"@context\":\"https:\\\/\\\/schema.org\",\"@graph\":[{\"@type\":\"WebPage\",\"@id\":\"https:\\\/\\\/gocarnavalrio.com\\\/produto\\\/1-fantasia-carro-abre-alas-da-escola-estacao-primeira-de-mangueira-para-desfilar-no-sambodromo-do-rio-de-janeiro-desfile-das-escolas-de-samba-2026-dia-de-desfile-15-2-2026-comprando-a-sua-fantasias\\\/\",\"url\":\"https:\\\/\\\/gocarnavalrio.com\\\/produto\\\/1-fantasia-carro-abre-alas-da-escola-estacao-primeira-de-mangueira-para-desfilar-no-sambodromo-do-rio-de-janeiro-desfile-das-escolas-de-samba-2026-dia-de-desfile-15-2-2026-comprando-a-sua-fantasias\\\/\",\"name\":\"1 Fantasia Carro Abre Alas da Escola Esta\u00e7\u00e3o Primeira de Mangueira para desfilar no Sambodromo do Rio de Janeiro Desfile das Escolas de Samba 2026. Dia de Desfile 15\\\/2\\\/2026. Comprando a sua Fantasias com a nossa Agencia inclui: Participar do Desfile da Escola de Samba da qual a fantasia pertence. Entrega de sua fantasia sem custo adicional em sua hospedagem no Rio de Janeiro (Zona Sul, Barra de Tijuca e Centro). Atendimento de nossa equipe especializada no Samb\u00f3dromo para poder orientar voc\u00ea na chegada ao Sambodromo e na concentra\u00e7\u00e3o da Escola. Valor total: R$15.000. - Go Carnaval Rio\",\"isPartOf\":{\"@id\":\"https:\\\/\\\/gocarnavalrio.com\\\/pt\\\/#website\"},\"primaryImageOfPage\":{\"@id\":\"https:\\\/\\\/gocarnavalrio.com\\\/produto\\\/1-fantasia-carro-abre-alas-da-escola-estacao-primeira-de-mangueira-para-desfilar-no-sambodromo-do-rio-de-janeiro-desfile-das-escolas-de-samba-2026-dia-de-desfile-15-2-2026-comprando-a-sua-fantasias\\\/#primaryimage\"},\"image\":{\"@id\":\"https:\\\/\\\/gocarnavalrio.com\\\/produto\\\/1-fantasia-carro-abre-alas-da-escola-estacao-primeira-de-mangueira-para-desfilar-no-sambodromo-do-rio-de-janeiro-desfile-das-escolas-de-samba-2026-dia-de-desfile-15-2-2026-comprando-a-sua-fantasias\\\/#primaryimage\"},\"thumbnailUrl\":\"https:\\\/\\\/gocarnavalrio.com\\\/wp-content\\\/uploads\\\/2026\\\/01\\\/LogoMANG.png\",\"datePublished\":\"2026-01-09T17:34:01+00:00\",\"dateModified\":\"2026-01-09T17:36:06+00:00\",\"breadcrumb\":{\"@id\":\"https:\\\/\\\/gocarnavalrio.com\\\/produto\\\/1-fantasia-carro-abre-alas-da-escola-estacao-primeira-de-mangueira-para-desfilar-no-sambodromo-do-rio-de-janeiro-desfile-das-escolas-de-samba-2026-dia-de-desfile-15-2-2026-comprando-a-sua-fantasias\\\/#breadcrumb\"},\"inLanguage\":\"es\",\"potentialAction\":[{\"@type\":\"ReadAction\",\"target\":[\"https:\\\/\\\/gocarnavalrio.com\\\/produto\\\/1-fantasia-carro-abre-alas-da-escola-estacao-primeira-de-mangueira-para-desfilar-no-sambodromo-do-rio-de-janeiro-desfile-das-escolas-de-samba-2026-dia-de-desfile-15-2-2026-comprando-a-sua-fantasias\\\/\"]}]},{\"@type\":\"ImageObject\",\"inLanguage\":\"es\",\"@id\":\"https:\\\/\\\/gocarnavalrio.com\\\/produto\\\/1-fantasia-carro-abre-alas-da-escola-estacao-primeira-de-mangueira-para-desfilar-no-sambodromo-do-rio-de-janeiro-desfile-das-escolas-de-samba-2026-dia-de-desfile-15-2-2026-comprando-a-sua-fantasias\\\/#primaryimage\",\"url\":\"https:\\\/\\\/gocarnavalrio.com\\\/wp-content\\\/uploads\\\/2026\\\/01\\\/LogoMANG.png\",\"contentUrl\":\"https:\\\/\\\/gocarnavalrio.com\\\/wp-content\\\/uploads\\\/2026\\\/01\\\/LogoMANG.png\",\"width\":279,\"height\":300},{\"@type\":\"BreadcrumbList\",\"@id\":\"https:\\\/\\\/gocarnavalrio.com\\\/produto\\\/1-fantasia-carro-abre-alas-da-escola-estacao-primeira-de-mangueira-para-desfilar-no-sambodromo-do-rio-de-janeiro-desfile-das-escolas-de-samba-2026-dia-de-desfile-15-2-2026-comprando-a-sua-fantasias\\\/#breadcrumb\",\"itemListElement\":[{\"@type\":\"ListItem\",\"position\":1,\"name\":\"In\u00edcio\",\"item\":\"https:\\\/\\\/gocarnavalrio.com\\\/\"},{\"@type\":\"ListItem\",\"position\":2,\"name\":\"Loja\",\"item\":\"https:\\\/\\\/gocarnavalrio.com\\\/pt\\\/loja\\\/\"},{\"@type\":\"ListItem\",\"position\":3,\"name\":\"1 Fantasia Carro Abre Alas da Escola Esta\u00e7\u00e3o Primeira de Mangueira para desfilar no Sambodromo do Rio de Janeiro Desfile das Escolas de Samba 2026. Dia de Desfile 15\\\/2\\\/2026. Comprando a sua Fantasias com a nossa Agencia inclui: Participar do Desfile da Escola de Samba da qual a fantasia pertence. Entrega de sua fantasia sem custo adicional em sua hospedagem no Rio de Janeiro (Zona Sul, Barra de Tijuca e Centro). Atendimento de nossa equipe especializada no Samb\u00f3dromo para poder orientar voc\u00ea na chegada ao Sambodromo e na concentra\u00e7\u00e3o da Escola. Valor total: R$15.000.\"}]},{\"@type\":\"WebSite\",\"@id\":\"https:\\\/\\\/gocarnavalrio.com\\\/pt\\\/#website\",\"url\":\"https:\\\/\\\/gocarnavalrio.com\\\/pt\\\/\",\"name\":\"Go Carnaval Rio\",\"description\":\"\",\"publisher\":{\"@id\":\"https:\\\/\\\/gocarnavalrio.com\\\/pt\\\/#organization\"},\"potentialAction\":[{\"@type\":\"SearchAction\",\"target\":{\"@type\":\"EntryPoint\",\"urlTemplate\":\"https:\\\/\\\/gocarnavalrio.com\\\/pt\\\/?s={search_term_string}\"},\"query-input\":{\"@type\":\"PropertyValueSpecification\",\"valueRequired\":true,\"valueName\":\"search_term_string\"}}],\"inLanguage\":\"es\"},{\"@type\":\"Organization\",\"@id\":\"https:\\\/\\\/gocarnavalrio.com\\\/pt\\\/#organization\",\"name\":\"Go Carnaval Rio\",\"url\":\"https:\\\/\\\/gocarnavalrio.com\\\/pt\\\/\",\"logo\":{\"@type\":\"ImageObject\",\"inLanguage\":\"es\",\"@id\":\"https:\\\/\\\/gocarnavalrio.com\\\/pt\\\/#\\\/schema\\\/logo\\\/image\\\/\",\"url\":\"https:\\\/\\\/gocarnavalrio.com\\\/wp-content\\\/uploads\\\/2019\\\/06\\\/go_carnaval_Rio_Logo.png\",\"contentUrl\":\"https:\\\/\\\/gocarnavalrio.com\\\/wp-content\\\/uploads\\\/2019\\\/06\\\/go_carnaval_Rio_Logo.png\",\"width\":500,\"height\":264,\"caption\":\"Go Carnaval Rio\"},\"image\":{\"@id\":\"https:\\\/\\\/gocarnavalrio.com\\\/pt\\\/#\\\/schema\\\/logo\\\/image\\\/\"}}]}<\/script>\n<!-- \/ Yoast SEO Premium plugin. -->","yoast_head_json":{"title":"1 Fantasia Carro Abre Alas da Escola Esta\u00e7\u00e3o Primeira de Mangueira para desfilar no Sambodromo do Rio de Janeiro Desfile das Escolas de Samba 2026. Dia de Desfile 15\/2\/2026. Comprando a sua Fantasias com a nossa Agencia inclui: Participar do Desfile da Escola de Samba da qual a fantasia pertence. Entrega de sua fantasia sem custo adicional em sua hospedagem no Rio de Janeiro (Zona Sul, Barra de Tijuca e Centro). Atendimento de nossa equipe especializada no Samb\u00f3dromo para poder orientar voc\u00ea na chegada ao Sambodromo e na concentra\u00e7\u00e3o da Escola. Valor total: R$15.000. - Go Carnaval Rio","robots":{"index":"index","follow":"follow","max-snippet":"max-snippet:-1","max-image-preview":"max-image-preview:large","max-video-preview":"max-video-preview:-1"},"canonical":"https:\/\/gocarnavalrio.com\/es\/producto\/1-fantasia-carro-abre-alas-da-escola-estacao-primeira-de-mangueira-para-desfilar-no-sambodromo-do-rio-de-janeiro-desfile-das-escolas-de-samba-2026-dia-de-desfile-15-2-2026-comprando-a-sua-fantasias\/","og_locale":"es_ES","og_type":"article","og_title":"1 Fantasia Carro Abre Alas da Escola Esta\u00e7\u00e3o Primeira de Mangueira para desfilar no Sambodromo do Rio de Janeiro Desfile das Escolas de Samba 2026. Dia de Desfile 15\/2\/2026. Comprando a sua Fantasias com a nossa Agencia inclui: Participar do Desfile da Escola de Samba da qual a fantasia pertence. Entrega de sua fantasia sem custo adicional em sua hospedagem no Rio de Janeiro (Zona Sul, Barra de Tijuca e Centro). Atendimento de nossa equipe especializada no Samb\u00f3dromo para poder orientar voc\u00ea na chegada ao Sambodromo e na concentra\u00e7\u00e3o da Escola. Valor total: R$15.000.","og_url":"https:\/\/gocarnavalrio.com\/es\/producto\/1-fantasia-carro-abre-alas-da-escola-estacao-primeira-de-mangueira-para-desfilar-no-sambodromo-do-rio-de-janeiro-desfile-das-escolas-de-samba-2026-dia-de-desfile-15-2-2026-comprando-a-sua-fantasias\/","og_site_name":"Go Carnaval Rio","article_modified_time":"2026-01-09T17:36:06+00:00","og_image":[{"width":279,"height":300,"url":"https:\/\/gocarnavalrio.com\/wp-content\/uploads\/2026\/01\/LogoMANG.png","type":"image\/png"}],"twitter_card":"summary_large_image","twitter_misc":{"Tiempo de lectura":"1 minuto"},"schema":{"@context":"https:\/\/schema.org","@graph":[{"@type":"WebPage","@id":"https:\/\/gocarnavalrio.com\/produto\/1-fantasia-carro-abre-alas-da-escola-estacao-primeira-de-mangueira-para-desfilar-no-sambodromo-do-rio-de-janeiro-desfile-das-escolas-de-samba-2026-dia-de-desfile-15-2-2026-comprando-a-sua-fantasias\/","url":"https:\/\/gocarnavalrio.com\/produto\/1-fantasia-carro-abre-alas-da-escola-estacao-primeira-de-mangueira-para-desfilar-no-sambodromo-do-rio-de-janeiro-desfile-das-escolas-de-samba-2026-dia-de-desfile-15-2-2026-comprando-a-sua-fantasias\/","name":"1 Fantasia Carro Abre Alas da Escola Esta\u00e7\u00e3o Primeira de Mangueira para desfilar no Sambodromo do Rio de Janeiro Desfile das Escolas de Samba 2026. Dia de Desfile 15\/2\/2026. Comprando a sua Fantasias com a nossa Agencia inclui: Participar do Desfile da Escola de Samba da qual a fantasia pertence. Entrega de sua fantasia sem custo adicional em sua hospedagem no Rio de Janeiro (Zona Sul, Barra de Tijuca e Centro). Atendimento de nossa equipe especializada no Samb\u00f3dromo para poder orientar voc\u00ea na chegada ao Sambodromo e na concentra\u00e7\u00e3o da Escola. Valor total: R$15.000. - Go Carnaval Rio","isPartOf":{"@id":"https:\/\/gocarnavalrio.com\/pt\/#website"},"primaryImageOfPage":{"@id":"https:\/\/gocarnavalrio.com\/produto\/1-fantasia-carro-abre-alas-da-escola-estacao-primeira-de-mangueira-para-desfilar-no-sambodromo-do-rio-de-janeiro-desfile-das-escolas-de-samba-2026-dia-de-desfile-15-2-2026-comprando-a-sua-fantasias\/#primaryimage"},"image":{"@id":"https:\/\/gocarnavalrio.com\/produto\/1-fantasia-carro-abre-alas-da-escola-estacao-primeira-de-mangueira-para-desfilar-no-sambodromo-do-rio-de-janeiro-desfile-das-escolas-de-samba-2026-dia-de-desfile-15-2-2026-comprando-a-sua-fantasias\/#primaryimage"},"thumbnailUrl":"https:\/\/gocarnavalrio.com\/wp-content\/uploads\/2026\/01\/LogoMANG.png","datePublished":"2026-01-09T17:34:01+00:00","dateModified":"2026-01-09T17:36:06+00:00","breadcrumb":{"@id":"https:\/\/gocarnavalrio.com\/produto\/1-fantasia-carro-abre-alas-da-escola-estacao-primeira-de-mangueira-para-desfilar-no-sambodromo-do-rio-de-janeiro-desfile-das-escolas-de-samba-2026-dia-de-desfile-15-2-2026-comprando-a-sua-fantasias\/#breadcrumb"},"inLanguage":"es","potentialAction":[{"@type":"ReadAction","target":["https:\/\/gocarnavalrio.com\/produto\/1-fantasia-carro-abre-alas-da-escola-estacao-primeira-de-mangueira-para-desfilar-no-sambodromo-do-rio-de-janeiro-desfile-das-escolas-de-samba-2026-dia-de-desfile-15-2-2026-comprando-a-sua-fantasias\/"]}]},{"@type":"ImageObject","inLanguage":"es","@id":"https:\/\/gocarnavalrio.com\/produto\/1-fantasia-carro-abre-alas-da-escola-estacao-primeira-de-mangueira-para-desfilar-no-sambodromo-do-rio-de-janeiro-desfile-das-escolas-de-samba-2026-dia-de-desfile-15-2-2026-comprando-a-sua-fantasias\/#primaryimage","url":"https:\/\/gocarnavalrio.com\/wp-content\/uploads\/2026\/01\/LogoMANG.png","contentUrl":"https:\/\/gocarnavalrio.com\/wp-content\/uploads\/2026\/01\/LogoMANG.png","width":279,"height":300},{"@type":"BreadcrumbList","@id":"https:\/\/gocarnavalrio.com\/produto\/1-fantasia-carro-abre-alas-da-escola-estacao-primeira-de-mangueira-para-desfilar-no-sambodromo-do-rio-de-janeiro-desfile-das-escolas-de-samba-2026-dia-de-desfile-15-2-2026-comprando-a-sua-fantasias\/#breadcrumb","itemListElement":[{"@type":"ListItem","position":1,"name":"In\u00edcio","item":"https:\/\/gocarnavalrio.com\/"},{"@type":"ListItem","position":2,"name":"Loja","item":"https:\/\/gocarnavalrio.com\/pt\/loja\/"},{"@type":"ListItem","position":3,"name":"1 Fantasia Carro Abre Alas da Escola Esta\u00e7\u00e3o Primeira de Mangueira para desfilar no Sambodromo do Rio de Janeiro Desfile das Escolas de Samba 2026. Dia de Desfile 15\/2\/2026. Comprando a sua Fantasias com a nossa Agencia inclui: Participar do Desfile da Escola de Samba da qual a fantasia pertence. Entrega de sua fantasia sem custo adicional em sua hospedagem no Rio de Janeiro (Zona Sul, Barra de Tijuca e Centro). Atendimento de nossa equipe especializada no Samb\u00f3dromo para poder orientar voc\u00ea na chegada ao Sambodromo e na concentra\u00e7\u00e3o da Escola. Valor total: R$15.000."}]},{"@type":"WebSite","@id":"https:\/\/gocarnavalrio.com\/pt\/#website","url":"https:\/\/gocarnavalrio.com\/pt\/","name":"Go Carnaval Rio","description":"","publisher":{"@id":"https:\/\/gocarnavalrio.com\/pt\/#organization"},"potentialAction":[{"@type":"SearchAction","target":{"@type":"EntryPoint","urlTemplate":"https:\/\/gocarnavalrio.com\/pt\/?s={search_term_string}"},"query-input":{"@type":"PropertyValueSpecification","valueRequired":true,"valueName":"search_term_string"}}],"inLanguage":"es"},{"@type":"Organization","@id":"https:\/\/gocarnavalrio.com\/pt\/#organization","name":"Go Carnaval Rio","url":"https:\/\/gocarnavalrio.com\/pt\/","logo":{"@type":"ImageObject","inLanguage":"es","@id":"https:\/\/gocarnavalrio.com\/pt\/#\/schema\/logo\/image\/","url":"https:\/\/gocarnavalrio.com\/wp-content\/uploads\/2019\/06\/go_carnaval_Rio_Logo.png","contentUrl":"https:\/\/gocarnavalrio.com\/wp-content\/uploads\/2019\/06\/go_carnaval_Rio_Logo.png","width":500,"height":264,"caption":"Go Carnaval Rio"},"image":{"@id":"https:\/\/gocarnavalrio.com\/pt\/#\/schema\/logo\/image\/"}}]}},"_links":{"self":[{"href":"https:\/\/gocarnavalrio.com\/es\/wp-json\/wp\/v2\/product\/25233","targetHints":{"allow":["GET"]}}],"collection":[{"href":"https:\/\/gocarnavalrio.com\/es\/wp-json\/wp\/v2\/product"}],"about":[{"href":"https:\/\/gocarnavalrio.com\/es\/wp-json\/wp\/v2\/types\/product"}],"version-history":[{"count":1,"href":"https:\/\/gocarnavalrio.com\/es\/wp-json\/wp\/v2\/product\/25233\/revisions"}],"predecessor-version":[{"id":25234,"href":"https:\/\/gocarnavalrio.com\/es\/wp-json\/wp\/v2\/product\/25233\/revisions\/25234"}],"wp:featuredmedia":[{"embeddable":true,"href":"https:\/\/gocarnavalrio.com\/es\/wp-json\/wp\/v2\/media\/25235"}],"wp:attachment":[{"href":"https:\/\/gocarnavalrio.com\/es\/wp-json\/wp\/v2\/media?parent=25233"}],"wp:term":[{"taxonomy":"product_brand","embeddable":true,"href":"https:\/\/gocarnavalrio.com\/es\/wp-json\/wp\/v2\/product_brand?post=25233"},{"taxonomy":"product_cat","embeddable":true,"href":"https:\/\/gocarnavalrio.com\/es\/wp-json\/wp\/v2\/product_cat?post=25233"},{"taxonomy":"product_tag","embeddable":true,"href":"https:\/\/gocarnavalrio.com\/es\/wp-json\/wp\/v2\/product_tag?post=25233"}],"curies":[{"name":"wp","href":"https:\/\/api.w.org\/{rel}","templated":true}]}}