{"id":2000,"date":"2017-10-29T20:56:08","date_gmt":"2017-10-29T20:56:08","guid":{"rendered":"https:\/\/gocarnavalrio.com\/?page_id=2000"},"modified":"2019-12-04T14:00:32","modified_gmt":"2019-12-04T17:00:32","slug":"quem-somos","status":"publish","type":"page","link":"https:\/\/gocarnavalrio.com\/es\/quem-somos\/","title":{"rendered":"Quienes somos"},"content":{"rendered":"\t\t<div data-elementor-type=\"wp-post\" data-elementor-id=\"2000\" class=\"elementor elementor-2000\" data-elementor-post-type=\"page\">\n\t\t\t\t\t\t<section data-particle_enable=\"false\" data-particle-mobile-disabled=\"false\" class=\"elementor-section elementor-top-section elementor-element elementor-element-ab87d69 elementor-section-boxed elementor-section-height-default elementor-section-height-default\" data-id=\"ab87d69\" data-element_type=\"section\" data-e-type=\"section\" data-settings=\"{&quot;jet_parallax_layout_list&quot;:[{&quot;jet_parallax_layout_image&quot;:{&quot;url&quot;:&quot;&quot;,&quot;id&quot;:&quot;&quot;,&quot;size&quot;:&quot;&quot;},&quot;_id&quot;:&quot;d23fedb&quot;,&quot;jet_parallax_layout_speed&quot;:{&quot;unit&quot;:&quot;%&quot;,&quot;size&quot;:50,&quot;sizes&quot;:[]},&quot;jet_parallax_layout_type&quot;:&quot;scroll&quot;,&quot;jet_parallax_layout_z_index&quot;:&quot;&quot;,&quot;jet_parallax_layout_bg_x&quot;:50,&quot;jet_parallax_layout_bg_y&quot;:50,&quot;jet_parallax_layout_bg_size&quot;:&quot;auto&quot;,&quot;jet_parallax_layout_animation_prop&quot;:&quot;transform&quot;,&quot;jet_parallax_layout_on&quot;:[&quot;desktop&quot;,&quot;tablet&quot;],&quot;jet_parallax_layout_image_tablet&quot;:{&quot;url&quot;:&quot;&quot;,&quot;id&quot;:&quot;&quot;,&quot;size&quot;:&quot;&quot;},&quot;jet_parallax_layout_image_mobile&quot;:{&quot;url&quot;:&quot;&quot;,&quot;id&quot;:&quot;&quot;,&quot;size&quot;:&quot;&quot;},&quot;jet_parallax_layout_direction&quot;:&quot;1&quot;,&quot;jet_parallax_layout_fx_direction&quot;:null,&quot;jet_parallax_layout_bg_x_tablet&quot;:&quot;&quot;,&quot;jet_parallax_layout_bg_x_mobile&quot;:&quot;&quot;,&quot;jet_parallax_layout_bg_y_tablet&quot;:&quot;&quot;,&quot;jet_parallax_layout_bg_y_mobile&quot;:&quot;&quot;,&quot;jet_parallax_layout_bg_size_tablet&quot;:&quot;&quot;,&quot;jet_parallax_layout_bg_size_mobile&quot;:&quot;&quot;}]}\">\n\t\t\t\t\t\t<div class=\"elementor-container elementor-column-gap-default\">\n\t\t\t\t\t<div class=\"elementor-column elementor-col-100 elementor-top-column elementor-element elementor-element-36a034b1\" data-id=\"36a034b1\" data-element_type=\"column\" data-e-type=\"column\">\n\t\t\t<div class=\"elementor-widget-wrap elementor-element-populated\">\n\t\t\t\t\t\t<div class=\"elementor-element elementor-element-2d037c40 elementor-widget elementor-widget-text-editor\" data-id=\"2d037c40\" data-element_type=\"widget\" data-e-type=\"widget\" data-widget_type=\"text-editor.default\">\n\t\t\t\t<div class=\"elementor-widget-container\">\n\t\t\t\t\t\t\t\t\t<p><img fetchpriority=\"high\" decoding=\"async\" class=\"aligncenter wp-image-3468 size-full\" src=\"https:\/\/gocarnavalrio.com\/wp-content\/uploads\/2017\/10\/http_2F2Fcdn.cnn_.com2Fcnnnext2Fdam2Fassets2F170123172258-rio-carnival-e1522241850611.jpg\" alt=\"\" width=\"800\" height=\"450\" \/><br \/><b>Go Carnaval Rio <\/b><span style=\"font-weight: 400;\">\u00a0\u00e9 uma ag\u00eancia de turismo especializada do Carnaval do Rio de Janeiro! Integrada por profissionais brasileiros e estrangeiros formados em turismo e que moram h\u00e1 muito tempo na cidade maravilhosa. <\/span><\/p><p><span style=\"font-weight: 400;\">Nossa ag\u00eancia \u00e9 cadastrada no <\/span><a href=\"http:\/\/www.cadastur.turismo.gov.br\/\" target=\"_blank\" rel=\"noopener\"><span style=\"font-weight: 400;\">Minist\u00e9rio do Turismo do Brasil (CADASTUR)<\/span><\/a><span style=\"font-weight: 400;\">. Portanto, voc\u00ea pode comprar seu ingresso de forma tranquila e segura. <\/span><\/p><p><span style=\"font-weight: 400;\">Nossa meta \u00e9 atender os clientes da forma mais eficiente poss\u00edvel enquanto visitam o Rio de Janeiro. Por isso, al\u00e9m da venda de entradas para o Samb\u00f3dromo, oferecemos a possibilidade de voc\u00ea ser um dos protagonistas do Carnaval ao <\/span><a href=\"https:\/\/gocarnavalrio.com\/fantasias-de-carnaval-do-rio-de-janeiro\/\"><span style=\"font-weight: 400;\">comprar fantasias da escola de samba<\/span><\/a><span style=\"font-weight: 400;\"> de sua prefer\u00eancia e, assim, poder participar do desfile!<\/span><\/p><p><span style=\"font-weight: 400;\">Caso precise de<\/span><span style=\"font-weight: 400;\">\u00a0<\/span><a href=\"https:\/\/gocarnavalrio.com\/produto\/traslado\/\"><span style=\"font-weight: 400;\">traslados ao samb\u00f3dromo<\/span><\/a><span style=\"font-weight: 400;\">, <\/span><span style=\"font-weight: 400;\">nossa equipe est\u00e1 altamente qualificada para lhe ajudar, pois podemos encontrar a melhor solu\u00e7\u00e3o para voc\u00ea e sua fam\u00edlia.<\/span><\/p><p><span style=\"font-weight: 400;\">A Go Carnaval Rio ter\u00e1 um enorme prazer em atend\u00ea-lo! E bom Carnaval!<\/span><\/p>\t\t\t\t\t\t\t\t<\/div>\n\t\t\t\t<\/div>\n\t\t\t\t\t<\/div>\n\t\t<\/div>\n\t\t\t\t\t<\/div>\n\t\t<\/section>\n\t\t\t\t<\/div>\n\t\t","protected":false},"excerpt":{"rendered":"<p>Go Carnaval Rio \u00a0\u00e9 uma ag\u00eancia de turismo especializada do Carnaval do Rio de Janeiro! Integrada por profissionais brasileiros e estrangeiros formados em turismo e que moram h\u00e1 muito tempo na cidade maravilhosa. Nossa ag\u00eancia \u00e9 cadastrada no Minist\u00e9rio do Turismo do Brasil (CADASTUR). Portanto, voc\u00ea pode comprar seu ingresso de forma tranquila e segura. [&hellip;]<\/p>\n","protected":false},"author":4,"featured_media":0,"parent":0,"menu_order":0,"comment_status":"closed","ping_status":"closed","template":"elementor_header_footer","meta":{"site-sidebar-layout":"default","site-content-layout":"default","ast-site-content-layout":"default","site-content-style":"default","site-sidebar-style":"default","ast-global-header-display":"","ast-banner-title-visibility":"","ast-main-header-display":"","ast-hfb-above-header-display":"","ast-hfb-below-header-display":"","ast-hfb-mobile-header-display":"","site-post-title":"","ast-breadcrumbs-content":"","ast-featured-img":"","footer-sml-layout":"","ast-disable-related-posts":"","theme-transparent-header-meta":"","adv-header-id-meta":"","stick-header-meta":"default","header-above-stick-meta":"","header-main-stick-meta":"","header-below-stick-meta":"","astra-migrate-meta-layouts":"default","ast-page-background-enabled":"default","ast-page-background-meta":{"desktop":{"background-color":"","background-image":"","background-repeat":"repeat","background-position":"center center","background-size":"auto","background-attachment":"scroll","background-type":"","background-media":"","overlay-type":"","overlay-color":"","overlay-opacity":"","overlay-gradient":""},"tablet":{"background-color":"","background-image":"","background-repeat":"repeat","background-position":"center center","background-size":"auto","background-attachment":"scroll","background-type":"","background-media":"","overlay-type":"","overlay-color":"","overlay-opacity":"","overlay-gradient":""},"mobile":{"background-color":"","background-image":"","background-repeat":"repeat","background-position":"center center","background-size":"auto","background-attachment":"scroll","background-type":"","background-media":"","overlay-type":"","overlay-color":"","overlay-opacity":"","overlay-gradient":""}},"ast-content-background-meta":{"desktop":{"background-color":"var(--ast-global-color-5)","background-image":"","background-repeat":"repeat","background-position":"center center","background-size":"auto","background-attachment":"scroll","background-type":"","background-media":"","overlay-type":"","overlay-color":"","overlay-opacity":"","overlay-gradient":""},"tablet":{"background-color":"var(--ast-global-color-5)","background-image":"","background-repeat":"repeat","background-position":"center center","background-size":"auto","background-attachment":"scroll","background-type":"","background-media":"","overlay-type":"","overlay-color":"","overlay-opacity":"","overlay-gradient":""},"mobile":{"background-color":"var(--ast-global-color-5)","background-image":"","background-repeat":"repeat","background-position":"center center","background-size":"auto","background-attachment":"scroll","background-type":"","background-media":"","overlay-type":"","overlay-color":"","overlay-opacity":"","overlay-gradient":""}},"footnotes":""},"class_list":["post-2000","page","type-page","status-publish","hentry"],"yoast_head":"<!-- This site is optimized with the Yoast SEO Premium plugin v24.0 (Yoast SEO v27.5) - https:\/\/yoast.com\/product\/yoast-seo-premium-wordpress\/ -->\n<title>Rio Carnaval Tour: ag\u00eancia de turismo do Carnaval do Rio de Janeiro<\/title>\n<meta name=\"description\" content=\"Planeja curtir a folia e fazer turismo na cidade maravilhosa? Somos uma ag\u00eancia de turismo do Carnaval do Rio de Janeiro. Confira agora nossas ofertas!\" \/>\n<meta name=\"robots\" content=\"index, follow, max-snippet:-1, max-image-preview:large, max-video-preview:-1\" \/>\n<link rel=\"canonical\" href=\"https:\/\/gocarnavalrio.com\/es\/quem-somos\/\" \/>\n<meta property=\"og:locale\" content=\"es_ES\" \/>\n<meta property=\"og:type\" content=\"article\" \/>\n<meta property=\"og:title\" content=\"Quem somos\" \/>\n<meta property=\"og:description\" content=\"Planeja curtir a folia e fazer turismo na cidade maravilhosa? Somos uma ag\u00eancia de turismo do Carnaval do Rio de Janeiro. Confira agora nossas ofertas!\" \/>\n<meta property=\"og:url\" content=\"https:\/\/gocarnavalrio.com\/es\/quem-somos\/\" \/>\n<meta property=\"og:site_name\" content=\"Go Carnaval Rio\" \/>\n<meta property=\"article:modified_time\" content=\"2019-12-04T17:00:32+00:00\" \/>\n<meta property=\"og:image\" content=\"https:\/\/gocarnavalrio.com\/wp-content\/uploads\/2017\/10\/http_2F2Fcdn.cnn_.com2Fcnnnext2Fdam2Fassets2F170123172258-rio-carnival-e1522241850611.jpg\" \/>\n<meta name=\"twitter:card\" content=\"summary_large_image\" \/>\n<meta name=\"twitter:label1\" content=\"Tiempo de lectura\" \/>\n\t<meta name=\"twitter:data1\" content=\"1 minuto\" \/>\n<script type=\"application\/ld+json\" class=\"yoast-schema-graph\">{\"@context\":\"https:\\\/\\\/schema.org\",\"@graph\":[{\"@type\":\"WebPage\",\"@id\":\"https:\\\/\\\/gocarnavalrio.com\\\/pt\\\/quem-somos\\\/\",\"url\":\"https:\\\/\\\/gocarnavalrio.com\\\/pt\\\/quem-somos\\\/\",\"name\":\"Rio Carnaval Tour: ag\u00eancia de turismo do Carnaval do Rio de Janeiro\",\"isPartOf\":{\"@id\":\"https:\\\/\\\/gocarnavalrio.com\\\/pt\\\/#website\"},\"primaryImageOfPage\":{\"@id\":\"https:\\\/\\\/gocarnavalrio.com\\\/pt\\\/quem-somos\\\/#primaryimage\"},\"image\":{\"@id\":\"https:\\\/\\\/gocarnavalrio.com\\\/pt\\\/quem-somos\\\/#primaryimage\"},\"thumbnailUrl\":\"https:\\\/\\\/gocarnavalrio.com\\\/wp-content\\\/uploads\\\/2017\\\/10\\\/http_2F2Fcdn.cnn_.com2Fcnnnext2Fdam2Fassets2F170123172258-rio-carnival-e1522241850611.jpg\",\"datePublished\":\"2017-10-29T20:56:08+00:00\",\"dateModified\":\"2019-12-04T17:00:32+00:00\",\"description\":\"Planeja curtir a folia e fazer turismo na cidade maravilhosa? Somos uma ag\u00eancia de turismo do Carnaval do Rio de Janeiro. Confira agora nossas ofertas!\",\"breadcrumb\":{\"@id\":\"https:\\\/\\\/gocarnavalrio.com\\\/pt\\\/quem-somos\\\/#breadcrumb\"},\"inLanguage\":\"es\",\"potentialAction\":[{\"@type\":\"ReadAction\",\"target\":[\"https:\\\/\\\/gocarnavalrio.com\\\/pt\\\/quem-somos\\\/\"]}]},{\"@type\":\"ImageObject\",\"inLanguage\":\"es\",\"@id\":\"https:\\\/\\\/gocarnavalrio.com\\\/pt\\\/quem-somos\\\/#primaryimage\",\"url\":\"https:\\\/\\\/gocarnavalrio.com\\\/wp-content\\\/uploads\\\/2017\\\/10\\\/http_2F2Fcdn.cnn_.com2Fcnnnext2Fdam2Fassets2F170123172258-rio-carnival-e1522241850611.jpg\",\"contentUrl\":\"https:\\\/\\\/gocarnavalrio.com\\\/wp-content\\\/uploads\\\/2017\\\/10\\\/http_2F2Fcdn.cnn_.com2Fcnnnext2Fdam2Fassets2F170123172258-rio-carnival-e1522241850611.jpg\"},{\"@type\":\"BreadcrumbList\",\"@id\":\"https:\\\/\\\/gocarnavalrio.com\\\/pt\\\/quem-somos\\\/#breadcrumb\",\"itemListElement\":[{\"@type\":\"ListItem\",\"position\":1,\"name\":\"In\u00edcio\",\"item\":\"https:\\\/\\\/gocarnavalrio.com\\\/\"},{\"@type\":\"ListItem\",\"position\":2,\"name\":\"Quem somos\"}]},{\"@type\":\"WebSite\",\"@id\":\"https:\\\/\\\/gocarnavalrio.com\\\/pt\\\/#website\",\"url\":\"https:\\\/\\\/gocarnavalrio.com\\\/pt\\\/\",\"name\":\"Go Carnaval Rio\",\"description\":\"\",\"publisher\":{\"@id\":\"https:\\\/\\\/gocarnavalrio.com\\\/pt\\\/#organization\"},\"potentialAction\":[{\"@type\":\"SearchAction\",\"target\":{\"@type\":\"EntryPoint\",\"urlTemplate\":\"https:\\\/\\\/gocarnavalrio.com\\\/pt\\\/?s={search_term_string}\"},\"query-input\":{\"@type\":\"PropertyValueSpecification\",\"valueRequired\":true,\"valueName\":\"search_term_string\"}}],\"inLanguage\":\"es\"},{\"@type\":\"Organization\",\"@id\":\"https:\\\/\\\/gocarnavalrio.com\\\/pt\\\/#organization\",\"name\":\"Go Carnaval Rio\",\"url\":\"https:\\\/\\\/gocarnavalrio.com\\\/pt\\\/\",\"logo\":{\"@type\":\"ImageObject\",\"inLanguage\":\"es\",\"@id\":\"https:\\\/\\\/gocarnavalrio.com\\\/pt\\\/#\\\/schema\\\/logo\\\/image\\\/\",\"url\":\"https:\\\/\\\/gocarnavalrio.com\\\/wp-content\\\/uploads\\\/2019\\\/06\\\/go_carnaval_Rio_Logo.png\",\"contentUrl\":\"https:\\\/\\\/gocarnavalrio.com\\\/wp-content\\\/uploads\\\/2019\\\/06\\\/go_carnaval_Rio_Logo.png\",\"width\":500,\"height\":264,\"caption\":\"Go Carnaval Rio\"},\"image\":{\"@id\":\"https:\\\/\\\/gocarnavalrio.com\\\/pt\\\/#\\\/schema\\\/logo\\\/image\\\/\"}}]}<\/script>\n<!-- \/ Yoast SEO Premium plugin. -->","yoast_head_json":{"title":"Rio Carnaval Tour: ag\u00eancia de turismo do Carnaval do Rio de Janeiro","description":"Planeja curtir a folia e fazer turismo na cidade maravilhosa? Somos uma ag\u00eancia de turismo do Carnaval do Rio de Janeiro. Confira agora nossas ofertas!","robots":{"index":"index","follow":"follow","max-snippet":"max-snippet:-1","max-image-preview":"max-image-preview:large","max-video-preview":"max-video-preview:-1"},"canonical":"https:\/\/gocarnavalrio.com\/es\/quem-somos\/","og_locale":"es_ES","og_type":"article","og_title":"Quem somos","og_description":"Planeja curtir a folia e fazer turismo na cidade maravilhosa? Somos uma ag\u00eancia de turismo do Carnaval do Rio de Janeiro. Confira agora nossas ofertas!","og_url":"https:\/\/gocarnavalrio.com\/es\/quem-somos\/","og_site_name":"Go Carnaval Rio","article_modified_time":"2019-12-04T17:00:32+00:00","og_image":[{"url":"https:\/\/gocarnavalrio.com\/wp-content\/uploads\/2017\/10\/http_2F2Fcdn.cnn_.com2Fcnnnext2Fdam2Fassets2F170123172258-rio-carnival-e1522241850611.jpg","type":"","width":"","height":""}],"twitter_card":"summary_large_image","twitter_misc":{"Tiempo de lectura":"1 minuto"},"schema":{"@context":"https:\/\/schema.org","@graph":[{"@type":"WebPage","@id":"https:\/\/gocarnavalrio.com\/pt\/quem-somos\/","url":"https:\/\/gocarnavalrio.com\/pt\/quem-somos\/","name":"Rio Carnaval Tour: ag\u00eancia de turismo do Carnaval do Rio de Janeiro","isPartOf":{"@id":"https:\/\/gocarnavalrio.com\/pt\/#website"},"primaryImageOfPage":{"@id":"https:\/\/gocarnavalrio.com\/pt\/quem-somos\/#primaryimage"},"image":{"@id":"https:\/\/gocarnavalrio.com\/pt\/quem-somos\/#primaryimage"},"thumbnailUrl":"https:\/\/gocarnavalrio.com\/wp-content\/uploads\/2017\/10\/http_2F2Fcdn.cnn_.com2Fcnnnext2Fdam2Fassets2F170123172258-rio-carnival-e1522241850611.jpg","datePublished":"2017-10-29T20:56:08+00:00","dateModified":"2019-12-04T17:00:32+00:00","description":"Planeja curtir a folia e fazer turismo na cidade maravilhosa? Somos uma ag\u00eancia de turismo do Carnaval do Rio de Janeiro. Confira agora nossas ofertas!","breadcrumb":{"@id":"https:\/\/gocarnavalrio.com\/pt\/quem-somos\/#breadcrumb"},"inLanguage":"es","potentialAction":[{"@type":"ReadAction","target":["https:\/\/gocarnavalrio.com\/pt\/quem-somos\/"]}]},{"@type":"ImageObject","inLanguage":"es","@id":"https:\/\/gocarnavalrio.com\/pt\/quem-somos\/#primaryimage","url":"https:\/\/gocarnavalrio.com\/wp-content\/uploads\/2017\/10\/http_2F2Fcdn.cnn_.com2Fcnnnext2Fdam2Fassets2F170123172258-rio-carnival-e1522241850611.jpg","contentUrl":"https:\/\/gocarnavalrio.com\/wp-content\/uploads\/2017\/10\/http_2F2Fcdn.cnn_.com2Fcnnnext2Fdam2Fassets2F170123172258-rio-carnival-e1522241850611.jpg"},{"@type":"BreadcrumbList","@id":"https:\/\/gocarnavalrio.com\/pt\/quem-somos\/#breadcrumb","itemListElement":[{"@type":"ListItem","position":1,"name":"In\u00edcio","item":"https:\/\/gocarnavalrio.com\/"},{"@type":"ListItem","position":2,"name":"Quem somos"}]},{"@type":"WebSite","@id":"https:\/\/gocarnavalrio.com\/pt\/#website","url":"https:\/\/gocarnavalrio.com\/pt\/","name":"Go Carnaval Rio","description":"","publisher":{"@id":"https:\/\/gocarnavalrio.com\/pt\/#organization"},"potentialAction":[{"@type":"SearchAction","target":{"@type":"EntryPoint","urlTemplate":"https:\/\/gocarnavalrio.com\/pt\/?s={search_term_string}"},"query-input":{"@type":"PropertyValueSpecification","valueRequired":true,"valueName":"search_term_string"}}],"inLanguage":"es"},{"@type":"Organization","@id":"https:\/\/gocarnavalrio.com\/pt\/#organization","name":"Go Carnaval Rio","url":"https:\/\/gocarnavalrio.com\/pt\/","logo":{"@type":"ImageObject","inLanguage":"es","@id":"https:\/\/gocarnavalrio.com\/pt\/#\/schema\/logo\/image\/","url":"https:\/\/gocarnavalrio.com\/wp-content\/uploads\/2019\/06\/go_carnaval_Rio_Logo.png","contentUrl":"https:\/\/gocarnavalrio.com\/wp-content\/uploads\/2019\/06\/go_carnaval_Rio_Logo.png","width":500,"height":264,"caption":"Go Carnaval Rio"},"image":{"@id":"https:\/\/gocarnavalrio.com\/pt\/#\/schema\/logo\/image\/"}}]}},"_links":{"self":[{"href":"https:\/\/gocarnavalrio.com\/es\/wp-json\/wp\/v2\/pages\/2000","targetHints":{"allow":["GET"]}}],"collection":[{"href":"https:\/\/gocarnavalrio.com\/es\/wp-json\/wp\/v2\/pages"}],"about":[{"href":"https:\/\/gocarnavalrio.com\/es\/wp-json\/wp\/v2\/types\/page"}],"author":[{"embeddable":true,"href":"https:\/\/gocarnavalrio.com\/es\/wp-json\/wp\/v2\/users\/4"}],"replies":[{"embeddable":true,"href":"https:\/\/gocarnavalrio.com\/es\/wp-json\/wp\/v2\/comments?post=2000"}],"version-history":[{"count":0,"href":"https:\/\/gocarnavalrio.com\/es\/wp-json\/wp\/v2\/pages\/2000\/revisions"}],"wp:attachment":[{"href":"https:\/\/gocarnavalrio.com\/es\/wp-json\/wp\/v2\/media?parent=2000"}],"curies":[{"name":"wp","href":"https:\/\/api.w.org\/{rel}","templated":true}]}}