{"id":25203,"date":"2026-01-02T13:32:33","date_gmt":"2026-01-02T16:32:33","guid":{"rendered":"https:\/\/gocarnavalrio.com\/?post_type=product&#038;p=25203"},"modified":"2026-01-02T13:32:34","modified_gmt":"2026-01-02T16:32:34","slug":"2-fantasias-para-desfilar-en-la-escola-de-samba-escola-em-cima-da-hora-grupo-de-acceso-sabado-14-2-26-2145hs-comprar-tus-disfraces-con-nuestra-agencia-incluye-participa-en-el-desfile-de-la-esc","status":"publish","type":"product","link":"https:\/\/gocarnavalrio.com\/en\/product\/2-fantasias-para-desfilar-en-la-escola-de-samba-escola-em-cima-da-hora-grupo-de-acceso-sabado-14-2-26-2145hs-comprar-tus-disfraces-con-nuestra-agencia-incluye-participa-en-el-desfile-de-la-esc\/","title":{"rendered":"2 Fantasias para desfilar en la Escola de Samba Escola Em cima da Hora &#8211; Grupo de Acceso &#8211; S\u00e1bado 14\/2\/26 21:45hs. Comprar tus Disfraces con nuestra Agencia incluye:  Participa en el Desfile de la Escuela de Samba al que pertenece el disfraz. Entrega de tu disfraz sin costo adicional hasta tu alojamiento en R\u00edo de Janeiro (Zona Sur, Barra de Tijuca y Centro). Asistencia de nuestro equipo especializado en el Samb\u00f3dromo para guiarte en tu llegada al Samb\u00f3dromo y en el encuentro de la Escola. Valor total: R$5.000"},"content":{"rendered":"","protected":false},"excerpt":{"rendered":"","protected":false},"featured_media":25100,"template":"","meta":{"site-sidebar-layout":"default","site-content-layout":"","ast-site-content-layout":"default","site-content-style":"default","site-sidebar-style":"default","ast-global-header-display":"","ast-banner-title-visibility":"","ast-main-header-display":"","ast-hfb-above-header-display":"","ast-hfb-below-header-display":"","ast-hfb-mobile-header-display":"","site-post-title":"","ast-breadcrumbs-content":"","ast-featured-img":"","footer-sml-layout":"","ast-disable-related-posts":"","theme-transparent-header-meta":"default","adv-header-id-meta":"","stick-header-meta":"default","header-above-stick-meta":"","header-main-stick-meta":"","header-below-stick-meta":"","astra-migrate-meta-layouts":"set","ast-page-background-enabled":"default","ast-page-background-meta":{"desktop":{"background-color":"","background-image":"","background-repeat":"repeat","background-position":"center center","background-size":"auto","background-attachment":"scroll","background-type":"","background-media":"","overlay-type":"","overlay-color":"","overlay-opacity":"","overlay-gradient":""},"tablet":{"background-color":"","background-image":"","background-repeat":"repeat","background-position":"center center","background-size":"auto","background-attachment":"scroll","background-type":"","background-media":"","overlay-type":"","overlay-color":"","overlay-opacity":"","overlay-gradient":""},"mobile":{"background-color":"","background-image":"","background-repeat":"repeat","background-position":"center center","background-size":"auto","background-attachment":"scroll","background-type":"","background-media":"","overlay-type":"","overlay-color":"","overlay-opacity":"","overlay-gradient":""}},"ast-content-background-meta":{"desktop":{"background-color":"var(--ast-global-color-5)","background-image":"","background-repeat":"repeat","background-position":"center center","background-size":"auto","background-attachment":"scroll","background-type":"","background-media":"","overlay-type":"","overlay-color":"","overlay-opacity":"","overlay-gradient":""},"tablet":{"background-color":"var(--ast-global-color-5)","background-image":"","background-repeat":"repeat","background-position":"center center","background-size":"auto","background-attachment":"scroll","background-type":"","background-media":"","overlay-type":"","overlay-color":"","overlay-opacity":"","overlay-gradient":""},"mobile":{"background-color":"var(--ast-global-color-5)","background-image":"","background-repeat":"repeat","background-position":"center center","background-size":"auto","background-attachment":"scroll","background-type":"","background-media":"","overlay-type":"","overlay-color":"","overlay-opacity":"","overlay-gradient":""}}},"product_brand":[],"product_cat":[123],"product_tag":[],"class_list":{"0":"post-25203","1":"product","2":"type-product","3":"status-publish","4":"has-post-thumbnail","6":"product_cat-uncategorized","7":"tm-no-options","8":"desktop-align-left","9":"tablet-align-left","10":"mobile-align-left","12":"first","13":"instock","14":"shipping-taxable","15":"purchasable","16":"product-type-simple"},"yoast_head":"<!-- This site is optimized with the Yoast SEO Premium plugin v24.0 (Yoast SEO v27.4) - https:\/\/yoast.com\/product\/yoast-seo-premium-wordpress\/ -->\n<title>2 Fantasias para desfilar en la Escola de Samba Escola Em cima da Hora - Grupo de Acceso - S\u00e1bado 14\/2\/26 21:45hs. Comprar tus Disfraces con nuestra Agencia incluye: Participa en el Desfile de la Escuela de Samba al que pertenece el disfraz. Entrega de tu disfraz sin costo adicional hasta tu alojamiento en R\u00edo de Janeiro (Zona Sur, Barra de Tijuca y Centro). Asistencia de nuestro equipo especializado en el Samb\u00f3dromo para guiarte en tu llegada al Samb\u00f3dromo y en el encuentro de la Escola. Valor total: R$5.000 - Go Carnaval Rio<\/title>\n<meta name=\"robots\" content=\"index, follow, max-snippet:-1, max-image-preview:large, max-video-preview:-1\" \/>\n<link rel=\"canonical\" href=\"https:\/\/gocarnavalrio.com\/en\/product\/2-fantasias-para-desfilar-en-la-escola-de-samba-escola-em-cima-da-hora-grupo-de-acceso-sabado-14-2-26-2145hs-comprar-tus-disfraces-con-nuestra-agencia-incluye-participa-en-el-desfile-de-la-esc\/\" \/>\n<meta property=\"og:locale\" content=\"en_US\" \/>\n<meta property=\"og:type\" content=\"article\" \/>\n<meta property=\"og:title\" content=\"2 Fantasias para desfilar en la Escola de Samba Escola Em cima da Hora - Grupo de Acceso - S\u00e1bado 14\/2\/26 21:45hs. Comprar tus Disfraces con nuestra Agencia incluye: Participa en el Desfile de la Escuela de Samba al que pertenece el disfraz. Entrega de tu disfraz sin costo adicional hasta tu alojamiento en R\u00edo de Janeiro (Zona Sur, Barra de Tijuca y Centro). Asistencia de nuestro equipo especializado en el Samb\u00f3dromo para guiarte en tu llegada al Samb\u00f3dromo y en el encuentro de la Escola. Valor total: R$5.000\" \/>\n<meta property=\"og:url\" content=\"https:\/\/gocarnavalrio.com\/en\/product\/2-fantasias-para-desfilar-en-la-escola-de-samba-escola-em-cima-da-hora-grupo-de-acceso-sabado-14-2-26-2145hs-comprar-tus-disfraces-con-nuestra-agencia-incluye-participa-en-el-desfile-de-la-esc\/\" \/>\n<meta property=\"og:site_name\" content=\"Go Carnaval Rio\" \/>\n<meta property=\"article:modified_time\" content=\"2026-01-02T16:32:34+00:00\" \/>\n<meta property=\"og:image\" content=\"https:\/\/gocarnavalrio.com\/wp-content\/uploads\/2024\/10\/IMG_6297.jpeg\" \/>\n\t<meta property=\"og:image:width\" content=\"348\" \/>\n\t<meta property=\"og:image:height\" content=\"449\" \/>\n\t<meta property=\"og:image:type\" content=\"image\/jpeg\" \/>\n<meta name=\"twitter:card\" content=\"summary_large_image\" \/>\n<meta name=\"twitter:label1\" content=\"Est. reading time\" \/>\n\t<meta name=\"twitter:data1\" content=\"1 minute\" \/>\n<script type=\"application\/ld+json\" class=\"yoast-schema-graph\">{\"@context\":\"https:\\\/\\\/schema.org\",\"@graph\":[{\"@type\":\"WebPage\",\"@id\":\"https:\\\/\\\/gocarnavalrio.com\\\/produto\\\/2-fantasias-para-desfilar-en-la-escola-de-samba-escola-em-cima-da-hora-grupo-de-acceso-sabado-14-2-26-2145hs-comprar-tus-disfraces-con-nuestra-agencia-incluye-participa-en-el-desfile-de-la-esc\\\/\",\"url\":\"https:\\\/\\\/gocarnavalrio.com\\\/produto\\\/2-fantasias-para-desfilar-en-la-escola-de-samba-escola-em-cima-da-hora-grupo-de-acceso-sabado-14-2-26-2145hs-comprar-tus-disfraces-con-nuestra-agencia-incluye-participa-en-el-desfile-de-la-esc\\\/\",\"name\":\"2 Fantasias para desfilar en la Escola de Samba Escola Em cima da Hora - Grupo de Acceso - S\u00e1bado 14\\\/2\\\/26 21:45hs. Comprar tus Disfraces con nuestra Agencia incluye: Participa en el Desfile de la Escuela de Samba al que pertenece el disfraz. Entrega de tu disfraz sin costo adicional hasta tu alojamiento en R\u00edo de Janeiro (Zona Sur, Barra de Tijuca y Centro). Asistencia de nuestro equipo especializado en el Samb\u00f3dromo para guiarte en tu llegada al Samb\u00f3dromo y en el encuentro de la Escola. Valor total: R$5.000 - Go Carnaval Rio\",\"isPartOf\":{\"@id\":\"https:\\\/\\\/gocarnavalrio.com\\\/pt\\\/#website\"},\"primaryImageOfPage\":{\"@id\":\"https:\\\/\\\/gocarnavalrio.com\\\/produto\\\/2-fantasias-para-desfilar-en-la-escola-de-samba-escola-em-cima-da-hora-grupo-de-acceso-sabado-14-2-26-2145hs-comprar-tus-disfraces-con-nuestra-agencia-incluye-participa-en-el-desfile-de-la-esc\\\/#primaryimage\"},\"image\":{\"@id\":\"https:\\\/\\\/gocarnavalrio.com\\\/produto\\\/2-fantasias-para-desfilar-en-la-escola-de-samba-escola-em-cima-da-hora-grupo-de-acceso-sabado-14-2-26-2145hs-comprar-tus-disfraces-con-nuestra-agencia-incluye-participa-en-el-desfile-de-la-esc\\\/#primaryimage\"},\"thumbnailUrl\":\"https:\\\/\\\/gocarnavalrio.com\\\/wp-content\\\/uploads\\\/2024\\\/10\\\/IMG_6297.jpeg\",\"datePublished\":\"2026-01-02T16:32:33+00:00\",\"dateModified\":\"2026-01-02T16:32:34+00:00\",\"breadcrumb\":{\"@id\":\"https:\\\/\\\/gocarnavalrio.com\\\/produto\\\/2-fantasias-para-desfilar-en-la-escola-de-samba-escola-em-cima-da-hora-grupo-de-acceso-sabado-14-2-26-2145hs-comprar-tus-disfraces-con-nuestra-agencia-incluye-participa-en-el-desfile-de-la-esc\\\/#breadcrumb\"},\"inLanguage\":\"en-US\",\"potentialAction\":[{\"@type\":\"ReadAction\",\"target\":[\"https:\\\/\\\/gocarnavalrio.com\\\/produto\\\/2-fantasias-para-desfilar-en-la-escola-de-samba-escola-em-cima-da-hora-grupo-de-acceso-sabado-14-2-26-2145hs-comprar-tus-disfraces-con-nuestra-agencia-incluye-participa-en-el-desfile-de-la-esc\\\/\"]}]},{\"@type\":\"ImageObject\",\"inLanguage\":\"en-US\",\"@id\":\"https:\\\/\\\/gocarnavalrio.com\\\/produto\\\/2-fantasias-para-desfilar-en-la-escola-de-samba-escola-em-cima-da-hora-grupo-de-acceso-sabado-14-2-26-2145hs-comprar-tus-disfraces-con-nuestra-agencia-incluye-participa-en-el-desfile-de-la-esc\\\/#primaryimage\",\"url\":\"https:\\\/\\\/gocarnavalrio.com\\\/wp-content\\\/uploads\\\/2024\\\/10\\\/IMG_6297.jpeg\",\"contentUrl\":\"https:\\\/\\\/gocarnavalrio.com\\\/wp-content\\\/uploads\\\/2024\\\/10\\\/IMG_6297.jpeg\",\"width\":348,\"height\":449},{\"@type\":\"BreadcrumbList\",\"@id\":\"https:\\\/\\\/gocarnavalrio.com\\\/produto\\\/2-fantasias-para-desfilar-en-la-escola-de-samba-escola-em-cima-da-hora-grupo-de-acceso-sabado-14-2-26-2145hs-comprar-tus-disfraces-con-nuestra-agencia-incluye-participa-en-el-desfile-de-la-esc\\\/#breadcrumb\",\"itemListElement\":[{\"@type\":\"ListItem\",\"position\":1,\"name\":\"In\u00edcio\",\"item\":\"https:\\\/\\\/gocarnavalrio.com\\\/\"},{\"@type\":\"ListItem\",\"position\":2,\"name\":\"Loja\",\"item\":\"https:\\\/\\\/gocarnavalrio.com\\\/pt\\\/loja\\\/\"},{\"@type\":\"ListItem\",\"position\":3,\"name\":\"2 Fantasias para desfilar en la Escola de Samba Escola Em cima da Hora &#8211; Grupo de Acceso &#8211; S\u00e1bado 14\\\/2\\\/26 21:45hs. Comprar tus Disfraces con nuestra Agencia incluye: Participa en el Desfile de la Escuela de Samba al que pertenece el disfraz. Entrega de tu disfraz sin costo adicional hasta tu alojamiento en R\u00edo de Janeiro (Zona Sur, Barra de Tijuca y Centro). Asistencia de nuestro equipo especializado en el Samb\u00f3dromo para guiarte en tu llegada al Samb\u00f3dromo y en el encuentro de la Escola. Valor total: R$5.000\"}]},{\"@type\":\"WebSite\",\"@id\":\"https:\\\/\\\/gocarnavalrio.com\\\/pt\\\/#website\",\"url\":\"https:\\\/\\\/gocarnavalrio.com\\\/pt\\\/\",\"name\":\"Go Carnaval Rio\",\"description\":\"\",\"publisher\":{\"@id\":\"https:\\\/\\\/gocarnavalrio.com\\\/pt\\\/#organization\"},\"potentialAction\":[{\"@type\":\"SearchAction\",\"target\":{\"@type\":\"EntryPoint\",\"urlTemplate\":\"https:\\\/\\\/gocarnavalrio.com\\\/pt\\\/?s={search_term_string}\"},\"query-input\":{\"@type\":\"PropertyValueSpecification\",\"valueRequired\":true,\"valueName\":\"search_term_string\"}}],\"inLanguage\":\"en-US\"},{\"@type\":\"Organization\",\"@id\":\"https:\\\/\\\/gocarnavalrio.com\\\/pt\\\/#organization\",\"name\":\"Go Carnaval Rio\",\"url\":\"https:\\\/\\\/gocarnavalrio.com\\\/pt\\\/\",\"logo\":{\"@type\":\"ImageObject\",\"inLanguage\":\"en-US\",\"@id\":\"https:\\\/\\\/gocarnavalrio.com\\\/pt\\\/#\\\/schema\\\/logo\\\/image\\\/\",\"url\":\"https:\\\/\\\/gocarnavalrio.com\\\/wp-content\\\/uploads\\\/2019\\\/06\\\/go_carnaval_Rio_Logo.png\",\"contentUrl\":\"https:\\\/\\\/gocarnavalrio.com\\\/wp-content\\\/uploads\\\/2019\\\/06\\\/go_carnaval_Rio_Logo.png\",\"width\":500,\"height\":264,\"caption\":\"Go Carnaval Rio\"},\"image\":{\"@id\":\"https:\\\/\\\/gocarnavalrio.com\\\/pt\\\/#\\\/schema\\\/logo\\\/image\\\/\"}}]}<\/script>\n<!-- \/ Yoast SEO Premium plugin. -->","yoast_head_json":{"title":"2 Fantasias para desfilar en la Escola de Samba Escola Em cima da Hora - Grupo de Acceso - S\u00e1bado 14\/2\/26 21:45hs. Comprar tus Disfraces con nuestra Agencia incluye: Participa en el Desfile de la Escuela de Samba al que pertenece el disfraz. Entrega de tu disfraz sin costo adicional hasta tu alojamiento en R\u00edo de Janeiro (Zona Sur, Barra de Tijuca y Centro). Asistencia de nuestro equipo especializado en el Samb\u00f3dromo para guiarte en tu llegada al Samb\u00f3dromo y en el encuentro de la Escola. Valor total: R$5.000 - Go Carnaval Rio","robots":{"index":"index","follow":"follow","max-snippet":"max-snippet:-1","max-image-preview":"max-image-preview:large","max-video-preview":"max-video-preview:-1"},"canonical":"https:\/\/gocarnavalrio.com\/en\/product\/2-fantasias-para-desfilar-en-la-escola-de-samba-escola-em-cima-da-hora-grupo-de-acceso-sabado-14-2-26-2145hs-comprar-tus-disfraces-con-nuestra-agencia-incluye-participa-en-el-desfile-de-la-esc\/","og_locale":"en_US","og_type":"article","og_title":"2 Fantasias para desfilar en la Escola de Samba Escola Em cima da Hora - Grupo de Acceso - S\u00e1bado 14\/2\/26 21:45hs. Comprar tus Disfraces con nuestra Agencia incluye: Participa en el Desfile de la Escuela de Samba al que pertenece el disfraz. Entrega de tu disfraz sin costo adicional hasta tu alojamiento en R\u00edo de Janeiro (Zona Sur, Barra de Tijuca y Centro). Asistencia de nuestro equipo especializado en el Samb\u00f3dromo para guiarte en tu llegada al Samb\u00f3dromo y en el encuentro de la Escola. Valor total: R$5.000","og_url":"https:\/\/gocarnavalrio.com\/en\/product\/2-fantasias-para-desfilar-en-la-escola-de-samba-escola-em-cima-da-hora-grupo-de-acceso-sabado-14-2-26-2145hs-comprar-tus-disfraces-con-nuestra-agencia-incluye-participa-en-el-desfile-de-la-esc\/","og_site_name":"Go Carnaval Rio","article_modified_time":"2026-01-02T16:32:34+00:00","og_image":[{"width":348,"height":449,"url":"https:\/\/gocarnavalrio.com\/wp-content\/uploads\/2024\/10\/IMG_6297.jpeg","type":"image\/jpeg"}],"twitter_card":"summary_large_image","twitter_misc":{"Est. reading time":"1 minute"},"schema":{"@context":"https:\/\/schema.org","@graph":[{"@type":"WebPage","@id":"https:\/\/gocarnavalrio.com\/produto\/2-fantasias-para-desfilar-en-la-escola-de-samba-escola-em-cima-da-hora-grupo-de-acceso-sabado-14-2-26-2145hs-comprar-tus-disfraces-con-nuestra-agencia-incluye-participa-en-el-desfile-de-la-esc\/","url":"https:\/\/gocarnavalrio.com\/produto\/2-fantasias-para-desfilar-en-la-escola-de-samba-escola-em-cima-da-hora-grupo-de-acceso-sabado-14-2-26-2145hs-comprar-tus-disfraces-con-nuestra-agencia-incluye-participa-en-el-desfile-de-la-esc\/","name":"2 Fantasias para desfilar en la Escola de Samba Escola Em cima da Hora - Grupo de Acceso - S\u00e1bado 14\/2\/26 21:45hs. Comprar tus Disfraces con nuestra Agencia incluye: Participa en el Desfile de la Escuela de Samba al que pertenece el disfraz. Entrega de tu disfraz sin costo adicional hasta tu alojamiento en R\u00edo de Janeiro (Zona Sur, Barra de Tijuca y Centro). Asistencia de nuestro equipo especializado en el Samb\u00f3dromo para guiarte en tu llegada al Samb\u00f3dromo y en el encuentro de la Escola. Valor total: R$5.000 - Go Carnaval Rio","isPartOf":{"@id":"https:\/\/gocarnavalrio.com\/pt\/#website"},"primaryImageOfPage":{"@id":"https:\/\/gocarnavalrio.com\/produto\/2-fantasias-para-desfilar-en-la-escola-de-samba-escola-em-cima-da-hora-grupo-de-acceso-sabado-14-2-26-2145hs-comprar-tus-disfraces-con-nuestra-agencia-incluye-participa-en-el-desfile-de-la-esc\/#primaryimage"},"image":{"@id":"https:\/\/gocarnavalrio.com\/produto\/2-fantasias-para-desfilar-en-la-escola-de-samba-escola-em-cima-da-hora-grupo-de-acceso-sabado-14-2-26-2145hs-comprar-tus-disfraces-con-nuestra-agencia-incluye-participa-en-el-desfile-de-la-esc\/#primaryimage"},"thumbnailUrl":"https:\/\/gocarnavalrio.com\/wp-content\/uploads\/2024\/10\/IMG_6297.jpeg","datePublished":"2026-01-02T16:32:33+00:00","dateModified":"2026-01-02T16:32:34+00:00","breadcrumb":{"@id":"https:\/\/gocarnavalrio.com\/produto\/2-fantasias-para-desfilar-en-la-escola-de-samba-escola-em-cima-da-hora-grupo-de-acceso-sabado-14-2-26-2145hs-comprar-tus-disfraces-con-nuestra-agencia-incluye-participa-en-el-desfile-de-la-esc\/#breadcrumb"},"inLanguage":"en-US","potentialAction":[{"@type":"ReadAction","target":["https:\/\/gocarnavalrio.com\/produto\/2-fantasias-para-desfilar-en-la-escola-de-samba-escola-em-cima-da-hora-grupo-de-acceso-sabado-14-2-26-2145hs-comprar-tus-disfraces-con-nuestra-agencia-incluye-participa-en-el-desfile-de-la-esc\/"]}]},{"@type":"ImageObject","inLanguage":"en-US","@id":"https:\/\/gocarnavalrio.com\/produto\/2-fantasias-para-desfilar-en-la-escola-de-samba-escola-em-cima-da-hora-grupo-de-acceso-sabado-14-2-26-2145hs-comprar-tus-disfraces-con-nuestra-agencia-incluye-participa-en-el-desfile-de-la-esc\/#primaryimage","url":"https:\/\/gocarnavalrio.com\/wp-content\/uploads\/2024\/10\/IMG_6297.jpeg","contentUrl":"https:\/\/gocarnavalrio.com\/wp-content\/uploads\/2024\/10\/IMG_6297.jpeg","width":348,"height":449},{"@type":"BreadcrumbList","@id":"https:\/\/gocarnavalrio.com\/produto\/2-fantasias-para-desfilar-en-la-escola-de-samba-escola-em-cima-da-hora-grupo-de-acceso-sabado-14-2-26-2145hs-comprar-tus-disfraces-con-nuestra-agencia-incluye-participa-en-el-desfile-de-la-esc\/#breadcrumb","itemListElement":[{"@type":"ListItem","position":1,"name":"In\u00edcio","item":"https:\/\/gocarnavalrio.com\/"},{"@type":"ListItem","position":2,"name":"Loja","item":"https:\/\/gocarnavalrio.com\/pt\/loja\/"},{"@type":"ListItem","position":3,"name":"2 Fantasias para desfilar en la Escola de Samba Escola Em cima da Hora &#8211; Grupo de Acceso &#8211; S\u00e1bado 14\/2\/26 21:45hs. Comprar tus Disfraces con nuestra Agencia incluye: Participa en el Desfile de la Escuela de Samba al que pertenece el disfraz. Entrega de tu disfraz sin costo adicional hasta tu alojamiento en R\u00edo de Janeiro (Zona Sur, Barra de Tijuca y Centro). Asistencia de nuestro equipo especializado en el Samb\u00f3dromo para guiarte en tu llegada al Samb\u00f3dromo y en el encuentro de la Escola. Valor total: R$5.000"}]},{"@type":"WebSite","@id":"https:\/\/gocarnavalrio.com\/pt\/#website","url":"https:\/\/gocarnavalrio.com\/pt\/","name":"Go Carnaval Rio","description":"","publisher":{"@id":"https:\/\/gocarnavalrio.com\/pt\/#organization"},"potentialAction":[{"@type":"SearchAction","target":{"@type":"EntryPoint","urlTemplate":"https:\/\/gocarnavalrio.com\/pt\/?s={search_term_string}"},"query-input":{"@type":"PropertyValueSpecification","valueRequired":true,"valueName":"search_term_string"}}],"inLanguage":"en-US"},{"@type":"Organization","@id":"https:\/\/gocarnavalrio.com\/pt\/#organization","name":"Go Carnaval Rio","url":"https:\/\/gocarnavalrio.com\/pt\/","logo":{"@type":"ImageObject","inLanguage":"en-US","@id":"https:\/\/gocarnavalrio.com\/pt\/#\/schema\/logo\/image\/","url":"https:\/\/gocarnavalrio.com\/wp-content\/uploads\/2019\/06\/go_carnaval_Rio_Logo.png","contentUrl":"https:\/\/gocarnavalrio.com\/wp-content\/uploads\/2019\/06\/go_carnaval_Rio_Logo.png","width":500,"height":264,"caption":"Go Carnaval Rio"},"image":{"@id":"https:\/\/gocarnavalrio.com\/pt\/#\/schema\/logo\/image\/"}}]}},"_links":{"self":[{"href":"https:\/\/gocarnavalrio.com\/en\/wp-json\/wp\/v2\/product\/25203","targetHints":{"allow":["GET"]}}],"collection":[{"href":"https:\/\/gocarnavalrio.com\/en\/wp-json\/wp\/v2\/product"}],"about":[{"href":"https:\/\/gocarnavalrio.com\/en\/wp-json\/wp\/v2\/types\/product"}],"version-history":[{"count":1,"href":"https:\/\/gocarnavalrio.com\/en\/wp-json\/wp\/v2\/product\/25203\/revisions"}],"predecessor-version":[{"id":25204,"href":"https:\/\/gocarnavalrio.com\/en\/wp-json\/wp\/v2\/product\/25203\/revisions\/25204"}],"wp:featuredmedia":[{"embeddable":true,"href":"https:\/\/gocarnavalrio.com\/en\/wp-json\/wp\/v2\/media\/25100"}],"wp:attachment":[{"href":"https:\/\/gocarnavalrio.com\/en\/wp-json\/wp\/v2\/media?parent=25203"}],"wp:term":[{"taxonomy":"product_brand","embeddable":true,"href":"https:\/\/gocarnavalrio.com\/en\/wp-json\/wp\/v2\/product_brand?post=25203"},{"taxonomy":"product_cat","embeddable":true,"href":"https:\/\/gocarnavalrio.com\/en\/wp-json\/wp\/v2\/product_cat?post=25203"},{"taxonomy":"product_tag","embeddable":true,"href":"https:\/\/gocarnavalrio.com\/en\/wp-json\/wp\/v2\/product_tag?post=25203"}],"curies":[{"name":"wp","href":"https:\/\/api.w.org\/{rel}","templated":true}]}}