{"id":4027,"date":"2018-05-31T17:15:19","date_gmt":"2018-05-31T20:15:19","guid":{"rendered":"https:\/\/gocarnavalrio.com\/?page_id=4027"},"modified":"2022-06-07T19:18:41","modified_gmt":"2022-06-07T22:18:41","slug":"regulamento-do-carnaval","status":"publish","type":"page","link":"https:\/\/gocarnavalrio.com\/en\/regulamento-do-carnaval\/","title":{"rendered":"Regulamento do Carnaval"},"content":{"rendered":"\t\t<div data-elementor-type=\"wp-post\" data-elementor-id=\"4027\" class=\"elementor elementor-4027 elementor-bc-flex-widget\" data-elementor-post-type=\"page\">\n\t\t\t\t\t\t<section data-particle_enable=\"false\" data-particle-mobile-disabled=\"false\" class=\"elementor-section elementor-top-section elementor-element elementor-element-2f57f0ed elementor-section-boxed elementor-section-height-default elementor-section-height-default\" data-id=\"2f57f0ed\" data-element_type=\"section\" data-e-type=\"section\" data-settings=\"{&quot;jet_parallax_layout_list&quot;:[{&quot;jet_parallax_layout_image&quot;:{&quot;url&quot;:&quot;&quot;,&quot;id&quot;:&quot;&quot;,&quot;size&quot;:&quot;&quot;},&quot;_id&quot;:&quot;34adca8&quot;,&quot;jet_parallax_layout_speed&quot;:{&quot;unit&quot;:&quot;%&quot;,&quot;size&quot;:50,&quot;sizes&quot;:[]},&quot;jet_parallax_layout_type&quot;:&quot;scroll&quot;,&quot;jet_parallax_layout_z_index&quot;:&quot;&quot;,&quot;jet_parallax_layout_bg_x&quot;:50,&quot;jet_parallax_layout_bg_y&quot;:50,&quot;jet_parallax_layout_bg_size&quot;:&quot;auto&quot;,&quot;jet_parallax_layout_animation_prop&quot;:&quot;transform&quot;,&quot;jet_parallax_layout_on&quot;:[&quot;desktop&quot;,&quot;tablet&quot;],&quot;jet_parallax_layout_image_tablet&quot;:{&quot;url&quot;:&quot;&quot;,&quot;id&quot;:&quot;&quot;,&quot;size&quot;:&quot;&quot;},&quot;jet_parallax_layout_image_mobile&quot;:{&quot;url&quot;:&quot;&quot;,&quot;id&quot;:&quot;&quot;,&quot;size&quot;:&quot;&quot;},&quot;jet_parallax_layout_direction&quot;:&quot;1&quot;,&quot;jet_parallax_layout_fx_direction&quot;:null,&quot;jet_parallax_layout_bg_x_tablet&quot;:&quot;&quot;,&quot;jet_parallax_layout_bg_x_mobile&quot;:&quot;&quot;,&quot;jet_parallax_layout_bg_y_tablet&quot;:&quot;&quot;,&quot;jet_parallax_layout_bg_y_mobile&quot;:&quot;&quot;,&quot;jet_parallax_layout_bg_size_tablet&quot;:&quot;&quot;,&quot;jet_parallax_layout_bg_size_mobile&quot;:&quot;&quot;}]}\">\n\t\t\t\t\t\t<div class=\"elementor-container elementor-column-gap-default\">\n\t\t\t\t\t<div class=\"elementor-column elementor-col-100 elementor-top-column elementor-element elementor-element-1c7c7759\" data-id=\"1c7c7759\" data-element_type=\"column\" data-e-type=\"column\">\n\t\t\t<div class=\"elementor-widget-wrap elementor-element-populated\">\n\t\t\t\t\t\t<div class=\"elementor-element elementor-element-6b6c0aca elementor-widget elementor-widget-text-editor\" data-id=\"6b6c0aca\" data-element_type=\"widget\" data-e-type=\"widget\" data-widget_type=\"text-editor.default\">\n\t\t\t\t<div class=\"elementor-widget-container\">\n\t\t\t\t\t\t\t\t\t<h6><strong>REGULAMENTO DESFILE ESCOLAS DE SAMBA CARNAVAL RIO DE JANEIRO<\/strong><\/h6><p><span style=\"font-weight: 400;\">As Escolas de Samba devem estar \u00a0atentas aos crit\u00e9rios de julgamento dos nove quesitos e \u00e0s exig\u00eancias do n\u00e3o seja re Regulamento do Desfile, que prev\u00ea penalidades para situa\u00e7\u00f5es espec\u00edficas. Saiba dos principais detalhes:<\/span><\/p><p><span style=\"font-weight: 400;\"><strong><a href=\"https:\/\/gocarnavalrio.com\/wp-content\/uploads\/2018\/08\/riodejaneirocarnaval2013_11.jpg\"><img fetchpriority=\"high\" decoding=\"async\" class=\" wp-image-9082 alignright\" src=\"https:\/\/gocarnavalrio.com\/wp-content\/uploads\/2018\/08\/riodejaneirocarnaval2013_11-300x199.jpg\" alt=\"\" width=\"405\" height=\"269\" \/><\/a><\/strong><\/span><\/p><p><span style=\"font-weight: 400;\"><strong>TEMPO DE DESFILE:<\/strong> Cada Escola tar o mini dever\u00e1 se apresentar entre 65 e 75 minutos. Para cada minuto m\u00e1ximo de que faltar ao tempo m\u00ednimo ou exceder o tempo m\u00e1ximo, ser\u00e1 aplicada a penalidade de 0,1 (um d\u00e9cimo).<\/span><\/p><p><span style=\"font-weight: 400;\"><strong>DISPERS\u00c3O:<\/strong> Cada agremia\u00e7\u00e3o dever\u00e1 fazer a retirada de todas as alegorias e adere\u00e7os da \u00e1rea de dispers\u00e3o dentro de o2h20 contadas do in\u00edcio efetivo de seu desfile. Caso eXceda esse tempo dever\u00e1 pagar uma multa de R$ 60 mil. <\/span><\/p><p><span style=\"font-weight: 400;\"><strong>RITMISTAS:<\/strong> M\u00ednimo de 200, agrupados na bateria. Penalidade senta de o,5 (meio ponto) caso o n\u00famero m\u00ednimo n\u00e3o seja atingido.<\/span><\/p><p><a href=\"https:\/\/gocarnavalrio.com\/wp-content\/uploads\/2018\/08\/CarnavalDrums_PT-BR9445009941_1920x1080.jpg\"><img decoding=\"async\" class=\" wp-image-9085 alignleft\" src=\"https:\/\/gocarnavalrio.com\/wp-content\/uploads\/2018\/08\/CarnavalDrums_PT-BR9445009941_1920x1080-300x169.jpg\" alt=\"\" width=\"487\" height=\"274\" \/><\/a><\/p><p><span style=\"font-weight: 400;\"><strong>BAIANAS:<\/strong> M\u00ednimo de 70 agrupadas na mesma ala. Penalidade de 0,5 (meio ponto) caso o n\u00famero m\u00ednimo n\u00e3o seja respeitado.<\/span><\/p><p><span style=\"font-weight: 400;\"><strong>ALEGORIAS:<\/strong> Cada Escola dever\u00e1 apresentar no m\u00ednimo de 5 at\u00e9 o m\u00e1ximo de 6 alegorias. Penalidade de 0,5 (meio ponto) caso n\u00e3o atinja o limite m\u00ednimo ou exceda o limite m\u00e1ximo. Detalhe: falha mec\u00e2nica s as que separe o carro acoplado: penalidade de 0,1 (um d\u00e9cimo).<\/span><\/p><p><span style=\"font-weight: 400;\"><strong>TRIP\u00c9S:<\/strong> Ser\u00e1 permitida a apresenta\u00e7\u00e3o de at\u00e9 tr\u00eas elementos cenogr\u00e1ficos (trip\u00e9s), motorizados ou empurrados, com at\u00e9 duas pessoas em cada um, com exce\u00e7\u00e3o do elemento cenogr\u00e1fico usado na comiss\u00e3o de Frente. Por\u00e9m, se apresentar mais de tr\u00eas trip\u00e9s, a agremia\u00e7\u00e3o poder\u00e1 sofrer a perda de 0,1 ra (um d\u00e9cimo). <\/span><\/p><p><span style=\"font-weight: 400;\"><strong>COMISS\u00c3O DE FRENTE:<\/strong> Cada Escola dever\u00e1 apresentar o m\u00ednimo de 10 at\u00e9 m\u00e1ximo de 15 figurantes neste quesito. Penalidade de 0,5 (meio ponto) caso n\u00e3o atinja o limite m\u00ednimo ou exceda o limite m\u00e1ximo. Detalhe: se a Comiss\u00e3o de Frente n\u00e3o se apresentar diante do Setor 3 ser\u00e1 penalizada com 0,1 (um d\u00e9cimo).<\/span><\/p><p><a href=\"https:\/\/gocarnavalrio.com\/wp-content\/uploads\/2018\/08\/140218_vila-maria-2018-2.jpg\"><img decoding=\"async\" class=\"wp-image-9088 alignright\" src=\"https:\/\/gocarnavalrio.com\/wp-content\/uploads\/2018\/08\/140218_vila-maria-2018-2-300x165.jpg\" alt=\"\" width=\"479\" height=\"264\" \/><\/a><\/p><p><span style=\"font-weight: 400;\"><strong>QUESITOS:<\/strong> <\/span><\/p><p><span style=\"font-weight: 400;\">Os 9 quesitos a serem avaliados pelos julgadores s\u00e3o<\/span><\/p><p><span style=\"font-weight: 400;\">1- Bateria.\u00a0<\/span><span style=\"font-weight: 400;\">2- Samba Enredo.\u00a0<\/span><span style=\"font-weight: 400;\">3- Harmonia.\u00a0<\/span><\/p><p><span style=\"font-weight: 400;\">4- Evolu\u00e7\u00e3o.\u00a0<\/span><span style=\"font-weight: 400;\">5- Enredo.\u00a0<\/span><span style=\"font-weight: 400;\">6- Alegorias e Adere\u00e7os.\u00a0 \u00a0 <\/span><\/p><p><span style=\"font-weight: 400;\">\u00a0<\/span><span style=\"font-weight: 400;\">7- Fantasias.\u00a0\u00a0<\/span><span style=\"font-weight: 400;\">8- Comiss\u00e3o de Frente.\u00a0<\/span><\/p><p><span style=\"font-weight: 400;\">9- Mestre Sala e Porta Bandeira.<\/span><\/p>\t\t\t\t\t\t\t\t<\/div>\n\t\t\t\t<\/div>\n\t\t\t\t\t<\/div>\n\t\t<\/div>\n\t\t\t\t\t<\/div>\n\t\t<\/section>\n\t\t\t\t<\/div>\n\t\t","protected":false},"excerpt":{"rendered":"<p>REGULAMENTO DESFILE ESCOLAS DE SAMBA CARNAVAL RIO DE JANEIRO As Escolas de Samba devem estar \u00a0atentas aos crit\u00e9rios de julgamento dos nove quesitos e \u00e0s exig\u00eancias do n\u00e3o seja re Regulamento do Desfile, que prev\u00ea penalidades para situa\u00e7\u00f5es espec\u00edficas. Saiba dos principais detalhes: TEMPO DE DESFILE: Cada Escola tar o mini dever\u00e1 se apresentar entre [&hellip;]<\/p>\n","protected":false},"author":4,"featured_media":0,"parent":0,"menu_order":0,"comment_status":"closed","ping_status":"closed","template":"","meta":{"site-sidebar-layout":"default","site-content-layout":"default","ast-site-content-layout":"default","site-content-style":"default","site-sidebar-style":"default","ast-global-header-display":"","ast-banner-title-visibility":"","ast-main-header-display":"","ast-hfb-above-header-display":"","ast-hfb-below-header-display":"","ast-hfb-mobile-header-display":"","site-post-title":"","ast-breadcrumbs-content":"","ast-featured-img":"","footer-sml-layout":"","ast-disable-related-posts":"","theme-transparent-header-meta":"","adv-header-id-meta":"","stick-header-meta":"default","header-above-stick-meta":"","header-main-stick-meta":"","header-below-stick-meta":"","astra-migrate-meta-layouts":"default","ast-page-background-enabled":"default","ast-page-background-meta":{"desktop":{"background-color":"","background-image":"","background-repeat":"repeat","background-position":"center center","background-size":"auto","background-attachment":"scroll","background-type":"","background-media":"","overlay-type":"","overlay-color":"","overlay-opacity":"","overlay-gradient":""},"tablet":{"background-color":"","background-image":"","background-repeat":"repeat","background-position":"center center","background-size":"auto","background-attachment":"scroll","background-type":"","background-media":"","overlay-type":"","overlay-color":"","overlay-opacity":"","overlay-gradient":""},"mobile":{"background-color":"","background-image":"","background-repeat":"repeat","background-position":"center center","background-size":"auto","background-attachment":"scroll","background-type":"","background-media":"","overlay-type":"","overlay-color":"","overlay-opacity":"","overlay-gradient":""}},"ast-content-background-meta":{"desktop":{"background-color":"var(--ast-global-color-5)","background-image":"","background-repeat":"repeat","background-position":"center center","background-size":"auto","background-attachment":"scroll","background-type":"","background-media":"","overlay-type":"","overlay-color":"","overlay-opacity":"","overlay-gradient":""},"tablet":{"background-color":"var(--ast-global-color-5)","background-image":"","background-repeat":"repeat","background-position":"center center","background-size":"auto","background-attachment":"scroll","background-type":"","background-media":"","overlay-type":"","overlay-color":"","overlay-opacity":"","overlay-gradient":""},"mobile":{"background-color":"var(--ast-global-color-5)","background-image":"","background-repeat":"repeat","background-position":"center center","background-size":"auto","background-attachment":"scroll","background-type":"","background-media":"","overlay-type":"","overlay-color":"","overlay-opacity":"","overlay-gradient":""}},"footnotes":""},"class_list":["post-4027","page","type-page","status-publish","hentry"],"yoast_head":"<!-- This site is optimized with the Yoast SEO Premium plugin v24.0 (Yoast SEO v27.4) - https:\/\/yoast.com\/product\/yoast-seo-premium-wordpress\/ -->\n<title>Regulamento do Carnaval - Go Carnaval Rio<\/title>\n<meta name=\"robots\" content=\"index, follow, max-snippet:-1, max-image-preview:large, max-video-preview:-1\" \/>\n<link rel=\"canonical\" href=\"https:\/\/gocarnavalrio.com\/en\/regulamento-do-carnaval\/\" \/>\n<meta property=\"og:locale\" content=\"en_US\" \/>\n<meta property=\"og:type\" content=\"article\" \/>\n<meta property=\"og:title\" content=\"Regulamento do Carnaval\" \/>\n<meta property=\"og:description\" content=\"REGULAMENTO DESFILE ESCOLAS DE SAMBA CARNAVAL RIO DE JANEIRO As Escolas de Samba devem estar \u00a0atentas aos crit\u00e9rios de julgamento dos nove quesitos e \u00e0s exig\u00eancias do n\u00e3o seja re Regulamento do Desfile, que prev\u00ea penalidades para situa\u00e7\u00f5es espec\u00edficas. Saiba dos principais detalhes: TEMPO DE DESFILE: Cada Escola tar o mini dever\u00e1 se apresentar entre [&hellip;]\" \/>\n<meta property=\"og:url\" content=\"https:\/\/gocarnavalrio.com\/en\/regulamento-do-carnaval\/\" \/>\n<meta property=\"og:site_name\" content=\"Go Carnaval Rio\" \/>\n<meta property=\"article:modified_time\" content=\"2022-06-07T22:18:41+00:00\" \/>\n<meta property=\"og:image\" content=\"https:\/\/gocarnavalrio.com\/wp-content\/uploads\/2018\/08\/riodejaneirocarnaval2013_11-300x199.jpg\" \/>\n<meta name=\"twitter:card\" content=\"summary_large_image\" \/>\n<meta name=\"twitter:label1\" content=\"Est. reading time\" \/>\n\t<meta name=\"twitter:data1\" content=\"2 minutes\" \/>\n<script type=\"application\/ld+json\" class=\"yoast-schema-graph\">{\"@context\":\"https:\\\/\\\/schema.org\",\"@graph\":[{\"@type\":\"WebPage\",\"@id\":\"https:\\\/\\\/gocarnavalrio.com\\\/en\\\/regulamento-do-carnaval\\\/\",\"url\":\"https:\\\/\\\/gocarnavalrio.com\\\/en\\\/regulamento-do-carnaval\\\/\",\"name\":\"Regulamento do Carnaval - Go Carnaval Rio\",\"isPartOf\":{\"@id\":\"https:\\\/\\\/gocarnavalrio.com\\\/pt\\\/#website\"},\"primaryImageOfPage\":{\"@id\":\"https:\\\/\\\/gocarnavalrio.com\\\/en\\\/regulamento-do-carnaval\\\/#primaryimage\"},\"image\":{\"@id\":\"https:\\\/\\\/gocarnavalrio.com\\\/en\\\/regulamento-do-carnaval\\\/#primaryimage\"},\"thumbnailUrl\":\"https:\\\/\\\/gocarnavalrio.com\\\/wp-content\\\/uploads\\\/2018\\\/08\\\/riodejaneirocarnaval2013_11-300x199.jpg\",\"datePublished\":\"2018-05-31T20:15:19+00:00\",\"dateModified\":\"2022-06-07T22:18:41+00:00\",\"breadcrumb\":{\"@id\":\"https:\\\/\\\/gocarnavalrio.com\\\/en\\\/regulamento-do-carnaval\\\/#breadcrumb\"},\"inLanguage\":\"en-US\",\"potentialAction\":[{\"@type\":\"ReadAction\",\"target\":[\"https:\\\/\\\/gocarnavalrio.com\\\/en\\\/regulamento-do-carnaval\\\/\"]}]},{\"@type\":\"ImageObject\",\"inLanguage\":\"en-US\",\"@id\":\"https:\\\/\\\/gocarnavalrio.com\\\/en\\\/regulamento-do-carnaval\\\/#primaryimage\",\"url\":\"https:\\\/\\\/gocarnavalrio.com\\\/wp-content\\\/uploads\\\/2018\\\/08\\\/riodejaneirocarnaval2013_11-300x199.jpg\",\"contentUrl\":\"https:\\\/\\\/gocarnavalrio.com\\\/wp-content\\\/uploads\\\/2018\\\/08\\\/riodejaneirocarnaval2013_11-300x199.jpg\"},{\"@type\":\"BreadcrumbList\",\"@id\":\"https:\\\/\\\/gocarnavalrio.com\\\/en\\\/regulamento-do-carnaval\\\/#breadcrumb\",\"itemListElement\":[{\"@type\":\"ListItem\",\"position\":1,\"name\":\"In\u00edcio\",\"item\":\"https:\\\/\\\/gocarnavalrio.com\\\/\"},{\"@type\":\"ListItem\",\"position\":2,\"name\":\"Regulamento do Carnaval\"}]},{\"@type\":\"WebSite\",\"@id\":\"https:\\\/\\\/gocarnavalrio.com\\\/pt\\\/#website\",\"url\":\"https:\\\/\\\/gocarnavalrio.com\\\/pt\\\/\",\"name\":\"Go Carnaval Rio\",\"description\":\"\",\"publisher\":{\"@id\":\"https:\\\/\\\/gocarnavalrio.com\\\/pt\\\/#organization\"},\"potentialAction\":[{\"@type\":\"SearchAction\",\"target\":{\"@type\":\"EntryPoint\",\"urlTemplate\":\"https:\\\/\\\/gocarnavalrio.com\\\/pt\\\/?s={search_term_string}\"},\"query-input\":{\"@type\":\"PropertyValueSpecification\",\"valueRequired\":true,\"valueName\":\"search_term_string\"}}],\"inLanguage\":\"en-US\"},{\"@type\":\"Organization\",\"@id\":\"https:\\\/\\\/gocarnavalrio.com\\\/pt\\\/#organization\",\"name\":\"Go Carnaval Rio\",\"url\":\"https:\\\/\\\/gocarnavalrio.com\\\/pt\\\/\",\"logo\":{\"@type\":\"ImageObject\",\"inLanguage\":\"en-US\",\"@id\":\"https:\\\/\\\/gocarnavalrio.com\\\/pt\\\/#\\\/schema\\\/logo\\\/image\\\/\",\"url\":\"https:\\\/\\\/gocarnavalrio.com\\\/wp-content\\\/uploads\\\/2019\\\/06\\\/go_carnaval_Rio_Logo.png\",\"contentUrl\":\"https:\\\/\\\/gocarnavalrio.com\\\/wp-content\\\/uploads\\\/2019\\\/06\\\/go_carnaval_Rio_Logo.png\",\"width\":500,\"height\":264,\"caption\":\"Go Carnaval Rio\"},\"image\":{\"@id\":\"https:\\\/\\\/gocarnavalrio.com\\\/pt\\\/#\\\/schema\\\/logo\\\/image\\\/\"}}]}<\/script>\n<!-- \/ Yoast SEO Premium plugin. -->","yoast_head_json":{"title":"Regulamento do Carnaval - Go Carnaval Rio","robots":{"index":"index","follow":"follow","max-snippet":"max-snippet:-1","max-image-preview":"max-image-preview:large","max-video-preview":"max-video-preview:-1"},"canonical":"https:\/\/gocarnavalrio.com\/en\/regulamento-do-carnaval\/","og_locale":"en_US","og_type":"article","og_title":"Regulamento do Carnaval","og_description":"REGULAMENTO DESFILE ESCOLAS DE SAMBA CARNAVAL RIO DE JANEIRO As Escolas de Samba devem estar \u00a0atentas aos crit\u00e9rios de julgamento dos nove quesitos e \u00e0s exig\u00eancias do n\u00e3o seja re Regulamento do Desfile, que prev\u00ea penalidades para situa\u00e7\u00f5es espec\u00edficas. Saiba dos principais detalhes: TEMPO DE DESFILE: Cada Escola tar o mini dever\u00e1 se apresentar entre [&hellip;]","og_url":"https:\/\/gocarnavalrio.com\/en\/regulamento-do-carnaval\/","og_site_name":"Go Carnaval Rio","article_modified_time":"2022-06-07T22:18:41+00:00","og_image":[{"url":"https:\/\/gocarnavalrio.com\/wp-content\/uploads\/2018\/08\/riodejaneirocarnaval2013_11-300x199.jpg","type":"","width":"","height":""}],"twitter_card":"summary_large_image","twitter_misc":{"Est. reading time":"2 minutes"},"schema":{"@context":"https:\/\/schema.org","@graph":[{"@type":"WebPage","@id":"https:\/\/gocarnavalrio.com\/en\/regulamento-do-carnaval\/","url":"https:\/\/gocarnavalrio.com\/en\/regulamento-do-carnaval\/","name":"Regulamento do Carnaval - Go Carnaval Rio","isPartOf":{"@id":"https:\/\/gocarnavalrio.com\/pt\/#website"},"primaryImageOfPage":{"@id":"https:\/\/gocarnavalrio.com\/en\/regulamento-do-carnaval\/#primaryimage"},"image":{"@id":"https:\/\/gocarnavalrio.com\/en\/regulamento-do-carnaval\/#primaryimage"},"thumbnailUrl":"https:\/\/gocarnavalrio.com\/wp-content\/uploads\/2018\/08\/riodejaneirocarnaval2013_11-300x199.jpg","datePublished":"2018-05-31T20:15:19+00:00","dateModified":"2022-06-07T22:18:41+00:00","breadcrumb":{"@id":"https:\/\/gocarnavalrio.com\/en\/regulamento-do-carnaval\/#breadcrumb"},"inLanguage":"en-US","potentialAction":[{"@type":"ReadAction","target":["https:\/\/gocarnavalrio.com\/en\/regulamento-do-carnaval\/"]}]},{"@type":"ImageObject","inLanguage":"en-US","@id":"https:\/\/gocarnavalrio.com\/en\/regulamento-do-carnaval\/#primaryimage","url":"https:\/\/gocarnavalrio.com\/wp-content\/uploads\/2018\/08\/riodejaneirocarnaval2013_11-300x199.jpg","contentUrl":"https:\/\/gocarnavalrio.com\/wp-content\/uploads\/2018\/08\/riodejaneirocarnaval2013_11-300x199.jpg"},{"@type":"BreadcrumbList","@id":"https:\/\/gocarnavalrio.com\/en\/regulamento-do-carnaval\/#breadcrumb","itemListElement":[{"@type":"ListItem","position":1,"name":"In\u00edcio","item":"https:\/\/gocarnavalrio.com\/"},{"@type":"ListItem","position":2,"name":"Regulamento do Carnaval"}]},{"@type":"WebSite","@id":"https:\/\/gocarnavalrio.com\/pt\/#website","url":"https:\/\/gocarnavalrio.com\/pt\/","name":"Go Carnaval Rio","description":"","publisher":{"@id":"https:\/\/gocarnavalrio.com\/pt\/#organization"},"potentialAction":[{"@type":"SearchAction","target":{"@type":"EntryPoint","urlTemplate":"https:\/\/gocarnavalrio.com\/pt\/?s={search_term_string}"},"query-input":{"@type":"PropertyValueSpecification","valueRequired":true,"valueName":"search_term_string"}}],"inLanguage":"en-US"},{"@type":"Organization","@id":"https:\/\/gocarnavalrio.com\/pt\/#organization","name":"Go Carnaval Rio","url":"https:\/\/gocarnavalrio.com\/pt\/","logo":{"@type":"ImageObject","inLanguage":"en-US","@id":"https:\/\/gocarnavalrio.com\/pt\/#\/schema\/logo\/image\/","url":"https:\/\/gocarnavalrio.com\/wp-content\/uploads\/2019\/06\/go_carnaval_Rio_Logo.png","contentUrl":"https:\/\/gocarnavalrio.com\/wp-content\/uploads\/2019\/06\/go_carnaval_Rio_Logo.png","width":500,"height":264,"caption":"Go Carnaval Rio"},"image":{"@id":"https:\/\/gocarnavalrio.com\/pt\/#\/schema\/logo\/image\/"}}]}},"_links":{"self":[{"href":"https:\/\/gocarnavalrio.com\/en\/wp-json\/wp\/v2\/pages\/4027","targetHints":{"allow":["GET"]}}],"collection":[{"href":"https:\/\/gocarnavalrio.com\/en\/wp-json\/wp\/v2\/pages"}],"about":[{"href":"https:\/\/gocarnavalrio.com\/en\/wp-json\/wp\/v2\/types\/page"}],"author":[{"embeddable":true,"href":"https:\/\/gocarnavalrio.com\/en\/wp-json\/wp\/v2\/users\/4"}],"replies":[{"embeddable":true,"href":"https:\/\/gocarnavalrio.com\/en\/wp-json\/wp\/v2\/comments?post=4027"}],"version-history":[{"count":1,"href":"https:\/\/gocarnavalrio.com\/en\/wp-json\/wp\/v2\/pages\/4027\/revisions"}],"predecessor-version":[{"id":20544,"href":"https:\/\/gocarnavalrio.com\/en\/wp-json\/wp\/v2\/pages\/4027\/revisions\/20544"}],"wp:attachment":[{"href":"https:\/\/gocarnavalrio.com\/en\/wp-json\/wp\/v2\/media?parent=4027"}],"curies":[{"name":"wp","href":"https:\/\/api.w.org\/{rel}","templated":true}]}}